{"id":12672,"date":"2025-11-26T18:32:27","date_gmt":"2025-11-26T17:32:27","guid":{"rendered":"https:\/\/luxshoponline.rs\/?post_type=product&#038;p=12672"},"modified":"2025-11-26T18:32:27","modified_gmt":"2025-11-26T17:32:27","slug":"kvarcni-sterilizator-za-metalni-pribor-250c-profesionalni","status":"publish","type":"product","link":"https:\/\/luxshoponline.rs\/index.php\/product\/kvarcni-sterilizator-za-metalni-pribor-250c-profesionalni\/","title":{"rendered":"Kvarcni sterilizator za metalni pribor | 250\u00b0C profesionalni"},"content":{"rendered":"<p data-start=\"108\" data-end=\"366\">Kvarcni sterilizator za metalne instrumente idealan je za brzu i efikasnu sterilizaciju sitnog kozmeti\u010dkog i frizerskog pribora. Zahvaljuju\u0107i visokim temperaturama do <strong data-start=\"275\" data-end=\"284\">250\u00b0C<\/strong>, ovaj sterilizator uni\u0161tava bakterije i mikroorganizme u roku od nekoliko minuta.<\/p>\n<p data-start=\"368\" data-end=\"577\">Savr\u0161en je za salone lepote, manikir\/pedikir, frizerske salone, tattoo i piercing studije, ali i za ku\u0107nu upotrebu. Jednostavan je za kori\u0161\u0107enje \u2014 samo ubacite instrumente u kvarcne kuglice i uklju\u010dite ure\u0111aj.<\/p>\n<hr data-start=\"579\" data-end=\"582\" \/>\n<h2 data-start=\"584\" data-end=\"614\"><strong data-start=\"587\" data-end=\"614\">Glavne karakteristike \u2714<\/strong><\/h2>\n<p data-start=\"616\" data-end=\"890\">\u2714 <strong data-start=\"618\" data-end=\"642\">Temperatura do 250\u00b0C<\/strong> \u2013 dubinska sterilizacija<br data-start=\"667\" data-end=\"670\" \/>\u2714 <strong data-start=\"672\" data-end=\"686\">Snaga 100W<\/strong><br data-start=\"686\" data-end=\"689\" \/>\u2714 <strong data-start=\"691\" data-end=\"725\">Sterilizacija metalnog pribora<\/strong> \u2013 makazice, pincete, \u010detkice<br data-start=\"754\" data-end=\"757\" \/>\u2714 <strong data-start=\"759\" data-end=\"803\">Brza dezinfekcija u samo nekoliko minuta<\/strong><br data-start=\"803\" data-end=\"806\" \/>\u2714 <strong data-start=\"808\" data-end=\"849\">Kompaktan i jednostavan za kori\u0161\u0107enje<\/strong><br data-start=\"849\" data-end=\"852\" \/>\u2714 <strong data-start=\"854\" data-end=\"888\">Obavezna oprema za svaki salon<\/strong><\/p>\n<hr data-start=\"892\" data-end=\"895\" \/>\n<h2 data-start=\"897\" data-end=\"917\"><strong data-start=\"900\" data-end=\"917\">Specifikacije<\/strong><\/h2>\n<ul data-start=\"919\" data-end=\"1132\">\n<li data-start=\"919\" data-end=\"948\">\n<p data-start=\"921\" data-end=\"948\">Tip: kvarcni sterilizator<\/p>\n<\/li>\n<li data-start=\"949\" data-end=\"968\">\n<p data-start=\"951\" data-end=\"968\">Snaga: <strong data-start=\"958\" data-end=\"966\">100W<\/strong><\/p>\n<\/li>\n<li data-start=\"969\" data-end=\"1006\">\n<p data-start=\"971\" data-end=\"1006\">Maksimalna temperatura: <strong data-start=\"995\" data-end=\"1004\">250\u00b0C<\/strong><\/p>\n<\/li>\n<li data-start=\"1007\" data-end=\"1063\">\n<p data-start=\"1009\" data-end=\"1063\">Pogodan za: pincete, makazice, \u010detkice, manikir alat<\/p>\n<\/li>\n<li data-start=\"1064\" data-end=\"1132\">\n<p data-start=\"1066\" data-end=\"1132\">Upotreba: kozmeti\u010dki i frizerski saloni, studiji, ku\u0107na upotreba<\/p>\n<\/li>\n<\/ul>\n<p data-start=\"1134\" data-end=\"1196\">Sterilizacija je brza, efikasna i higijenski potpuno bezbedna.<\/p>\n<hr data-start=\"1198\" data-end=\"1201\" \/>\n<h2 data-start=\"1203\" data-end=\"1237\"><strong data-start=\"1206\" data-end=\"1237\">Cena kvarcnog sterilizatora<\/strong><\/h2>\n<p data-start=\"1239\" data-end=\"1258\"><strong data-start=\"1239\" data-end=\"1258\">Cena: 1.590 RSD<\/strong><\/p>\n<p data-start=\"1260\" data-end=\"1326\">Povoljan i prakti\u010dan ure\u0111aj za svakodnevnu profesionalnu upotrebu.<\/p>\n<hr data-start=\"1328\" data-end=\"1331\" \/>\n<h2 data-start=\"1333\" data-end=\"1376\"><strong data-start=\"1336\" data-end=\"1376\">Za\u0161to izabrati kvarcni sterilizator?<\/strong><\/h2>\n<p data-start=\"1378\" data-end=\"1527\">Brzo posti\u017ee visoku temperaturu, ne koristi vodu i omogu\u0107ava momentalnu sterilizaciju sitnih metalnih instrumenata. Idealno re\u0161enje za profesionalce.<\/p>\n<hr data-start=\"1529\" data-end=\"1532\" \/>\n<h2 data-start=\"1534\" data-end=\"1556\"><strong data-start=\"1537\" data-end=\"1556\">Poru\u010dite odmah!<\/strong><\/h2>\n<p data-start=\"1558\" data-end=\"1712\">\u2757 10% popusta na 3+ artikla<br data-start=\"1585\" data-end=\"1588\" \/>\u2757 Li\u010dno preuzimanje \u2013 Beograd, Senjak<br data-start=\"1625\" data-end=\"1628\" \/>\u2757 PostExpress \u2013 dostava u roku od 24h<br data-start=\"1665\" data-end=\"1668\" \/>\u2757 Naru\u010divanje: SMS \/ Viber \/ WhatsApp \/ KP<\/p>\n<hr data-start=\"1714\" data-end=\"1717\" \/>\n<h2 data-start=\"1719\" data-end=\"1753\"><strong data-start=\"1722\" data-end=\"1751\">Pogledajte jo\u0161 proizvoda:<\/strong><\/h2>\n<p data-start=\"1754\" data-end=\"1969\">KupujemProdajem \u2013 <a class=\"decorated-link\" href=\"https:\/\/kupionline.kpizlog.rs\/\" target=\"_new\" rel=\"noopener\" data-start=\"1772\" data-end=\"1802\">https:\/\/kupionline.kpizlog.rs\/<\/a><br data-start=\"1802\" data-end=\"1805\" \/>Instagram \u2013 <a class=\"decorated-link\" href=\"https:\/\/www.instagram.com\/luxshopbg\/\" target=\"_new\" rel=\"noopener\" data-start=\"1817\" data-end=\"1853\">https:\/\/www.instagram.com\/luxshopbg\/<\/a><br data-start=\"1853\" data-end=\"1856\" \/>Facebook \u2013 <a class=\"decorated-link\" href=\"https:\/\/www.facebook.com\/boxshopfb\" target=\"_new\" rel=\"noopener\" data-start=\"1867\" data-end=\"1901\">https:\/\/www.facebook.com\/boxshopfb<\/a><br data-start=\"1901\" data-end=\"1904\" \/>Online prodavnica \u2013 <a class=\"decorated-link\" href=\"https:\/\/luxshoponline.rs\/index.php\/proizvodi\/\" target=\"_new\" rel=\"noopener\" data-start=\"1924\" data-end=\"1969\">https:\/\/luxshoponline.rs\/index.php\/proizvodi\/<\/a><\/p>\n<hr data-start=\"1971\" data-end=\"1974\" \/>\n<h2 data-start=\"1976\" data-end=\"2004\"><strong data-start=\"1979\" data-end=\"2004\">LUX SHOP Garancije \ud83d\udee1<\/strong><\/h2>\n<p data-start=\"2006\" data-end=\"2090\">\u2713 Garancija 1 godina<br data-start=\"2026\" data-end=\"2029\" \/>\u2713 Fabr\u010dki zapakovano<br data-start=\"2049\" data-end=\"2052\" \/>\u2713 Brza isporuka<br data-start=\"2067\" data-end=\"2070\" \/>\u2713 Tehni\u010dka podr\u0161ka<\/p>\n","protected":false},"excerpt":{"rendered":"<p data-start=\"2675\" data-end=\"2837\">\ud83d\udd25 <strong data-start=\"2678\" data-end=\"2739\">Kvarcni sterilizator \u2013 250\u00b0C profesionalna sterilizacija!<\/strong><br data-start=\"2739\" data-end=\"2742\" \/>\u26a1 100W snaga<br data-start=\"2754\" data-end=\"2757\" \/>\ud83e\uddfc Za pincete, makazice, \u010detkice<br data-start=\"2789\" data-end=\"2792\" \/>\u23f1 Brza dezinfekcija<br data-start=\"2811\" data-end=\"2814\" \/>\ud83d\udd12 Obavezno za salone<\/p>\n<p data-start=\"2839\" data-end=\"2883\">\ud83d\udce6 Poru\u010di odmah \u2013 10% popusta na 3+ artikla!<\/p>\n","protected":false},"featured_media":12677,"template":"","meta":[],"product_brand":[],"product_cat":[113,117],"product_tag":[1375,1168,1373,632,1371,1376,1374],"class_list":{"0":"post-12672","1":"product","2":"type-product","3":"status-publish","4":"has-post-thumbnail","6":"product_cat-bela-tehnika-i-kucni-aparati","7":"product_cat-fitnes-vezbanje-i-licna-nega","8":"product_tag-frizerski-alat","9":"product_tag-kozmeticki-sterilizator","10":"product_tag-kvarcni-sterilizator","11":"product_tag-lux-shop","12":"product_tag-manikir-pedikir-oprema","13":"product_tag-sterilizator-250c","14":"product_tag-sterilizator-za-pribor","16":"first","17":"instock","18":"shipping-taxable","19":"purchasable","20":"product-type-simple"},"yoast_head":"<!-- This site is optimized with the Yoast SEO plugin v26.9 - https:\/\/yoast.com\/product\/yoast-seo-wordpress\/ -->\n<title>Kvarcni sterilizator za metalni pribor | 250\u00b0C profesionalni - Lux Shop Online<\/title>\n<meta name=\"description\" content=\"Kvarcni sterilizator za metalne instrumente, temperatura do 250\u00b0C i snaga 100W. Idealno za salone i dezinfekciju sitnog pribora. Poru\u010dite odmah!\" \/>\n<meta name=\"robots\" content=\"index, follow, max-snippet:-1, max-image-preview:large, max-video-preview:-1\" \/>\n<link rel=\"canonical\" href=\"https:\/\/luxshoponline.rs\/index.php\/product\/kvarcni-sterilizator-za-metalni-pribor-250c-profesionalni\/\" \/>\n<meta property=\"og:locale\" content=\"sr_RS\" \/>\n<meta property=\"og:type\" content=\"article\" \/>\n<meta property=\"og:title\" content=\"Kvarcni sterilizator za metalni pribor | 250\u00b0C profesionalni - Lux Shop Online\" \/>\n<meta property=\"og:description\" content=\"Kvarcni sterilizator za metalne instrumente, temperatura do 250\u00b0C i snaga 100W. Idealno za salone i dezinfekciju sitnog pribora. Poru\u010dite odmah!\" \/>\n<meta property=\"og:url\" content=\"https:\/\/luxshoponline.rs\/index.php\/product\/kvarcni-sterilizator-za-metalni-pribor-250c-profesionalni\/\" \/>\n<meta property=\"og:site_name\" content=\"Lux Shop Online\" \/>\n<meta property=\"og:image\" content=\"https:\/\/luxshoponline.rs\/wp-content\/uploads\/2025\/11\/165165722-66084cbecc3908-05619876df02fb79-9de9-4.webp\" \/>\n\t<meta property=\"og:image:width\" content=\"1079\" \/>\n\t<meta property=\"og:image:height\" content=\"830\" \/>\n\t<meta property=\"og:image:type\" content=\"image\/webp\" \/>\n<meta name=\"twitter:card\" content=\"summary_large_image\" \/>\n<meta name=\"twitter:label1\" content=\"Procenjeno vreme \u010ditanja\" \/>\n\t<meta name=\"twitter:data1\" content=\"2 minuta\" \/>\n<script type=\"application\/ld+json\" class=\"yoast-schema-graph\">{\"@context\":\"https:\/\/schema.org\",\"@graph\":[{\"@type\":\"WebPage\",\"@id\":\"https:\/\/luxshoponline.rs\/index.php\/product\/kvarcni-sterilizator-za-metalni-pribor-250c-profesionalni\/\",\"url\":\"https:\/\/luxshoponline.rs\/index.php\/product\/kvarcni-sterilizator-za-metalni-pribor-250c-profesionalni\/\",\"name\":\"Kvarcni sterilizator za metalni pribor | 250\u00b0C profesionalni - Lux Shop Online\",\"isPartOf\":{\"@id\":\"https:\/\/luxshoponline.rs\/#website\"},\"primaryImageOfPage\":{\"@id\":\"https:\/\/luxshoponline.rs\/index.php\/product\/kvarcni-sterilizator-za-metalni-pribor-250c-profesionalni\/#primaryimage\"},\"image\":{\"@id\":\"https:\/\/luxshoponline.rs\/index.php\/product\/kvarcni-sterilizator-za-metalni-pribor-250c-profesionalni\/#primaryimage\"},\"thumbnailUrl\":\"https:\/\/luxshoponline.rs\/wp-content\/uploads\/2025\/11\/165165722-66084cbecc3908-05619876df02fb79-9de9-4.webp\",\"datePublished\":\"2025-11-26T17:32:27+00:00\",\"description\":\"Kvarcni sterilizator za metalne instrumente, temperatura do 250\u00b0C i snaga 100W. Idealno za salone i dezinfekciju sitnog pribora. Poru\u010dite odmah!\",\"breadcrumb\":{\"@id\":\"https:\/\/luxshoponline.rs\/index.php\/product\/kvarcni-sterilizator-za-metalni-pribor-250c-profesionalni\/#breadcrumb\"},\"inLanguage\":\"sr-RS\",\"potentialAction\":[{\"@type\":\"ReadAction\",\"target\":[\"https:\/\/luxshoponline.rs\/index.php\/product\/kvarcni-sterilizator-za-metalni-pribor-250c-profesionalni\/\"]}]},{\"@type\":\"ImageObject\",\"inLanguage\":\"sr-RS\",\"@id\":\"https:\/\/luxshoponline.rs\/index.php\/product\/kvarcni-sterilizator-za-metalni-pribor-250c-profesionalni\/#primaryimage\",\"url\":\"https:\/\/luxshoponline.rs\/wp-content\/uploads\/2025\/11\/165165722-66084cbecc3908-05619876df02fb79-9de9-4.webp\",\"contentUrl\":\"https:\/\/luxshoponline.rs\/wp-content\/uploads\/2025\/11\/165165722-66084cbecc3908-05619876df02fb79-9de9-4.webp\",\"width\":1079,\"height\":830,\"caption\":\"Kvarcni sterilizator za metalni pribor | 250\u00b0C profesionalni\"},{\"@type\":\"BreadcrumbList\",\"@id\":\"https:\/\/luxshoponline.rs\/index.php\/product\/kvarcni-sterilizator-za-metalni-pribor-250c-profesionalni\/#breadcrumb\",\"itemListElement\":[{\"@type\":\"ListItem\",\"position\":1,\"name\":\"Po\u010detna\",\"item\":\"https:\/\/luxshoponline.rs\/\"},{\"@type\":\"ListItem\",\"position\":2,\"name\":\"Proizvodi\",\"item\":\"https:\/\/luxshoponline.rs\/index.php\/proizvodi\/\"},{\"@type\":\"ListItem\",\"position\":3,\"name\":\"Kvarcni sterilizator za metalni pribor | 250\u00b0C profesionalni\"}]},{\"@type\":\"WebSite\",\"@id\":\"https:\/\/luxshoponline.rs\/#website\",\"url\":\"https:\/\/luxshoponline.rs\/\",\"name\":\"Lux Shop Online\",\"description\":\"Luksuz dostupan svima\",\"publisher\":{\"@id\":\"https:\/\/luxshoponline.rs\/#organization\"},\"potentialAction\":[{\"@type\":\"SearchAction\",\"target\":{\"@type\":\"EntryPoint\",\"urlTemplate\":\"https:\/\/luxshoponline.rs\/?s={search_term_string}\"},\"query-input\":{\"@type\":\"PropertyValueSpecification\",\"valueRequired\":true,\"valueName\":\"search_term_string\"}}],\"inLanguage\":\"sr-RS\"},{\"@type\":\"Organization\",\"@id\":\"https:\/\/luxshoponline.rs\/#organization\",\"name\":\"Lux Shop Online\",\"url\":\"https:\/\/luxshoponline.rs\/\",\"logo\":{\"@type\":\"ImageObject\",\"inLanguage\":\"sr-RS\",\"@id\":\"https:\/\/luxshoponline.rs\/#\/schema\/logo\/image\/\",\"url\":\"https:\/\/luxshoponline.rs\/wp-content\/uploads\/2026\/01\/474762058-1390117471978944-3731352461606986801-n-4.png\",\"contentUrl\":\"https:\/\/luxshoponline.rs\/wp-content\/uploads\/2026\/01\/474762058-1390117471978944-3731352461606986801-n-4.png\",\"width\":1433,\"height\":1436,\"caption\":\"Lux Shop Online\"},\"image\":{\"@id\":\"https:\/\/luxshoponline.rs\/#\/schema\/logo\/image\/\"}}]}<\/script>\n<!-- \/ Yoast SEO plugin. -->","yoast_head_json":{"title":"Kvarcni sterilizator za metalni pribor | 250\u00b0C profesionalni - Lux Shop Online","description":"Kvarcni sterilizator za metalne instrumente, temperatura do 250\u00b0C i snaga 100W. Idealno za salone i dezinfekciju sitnog pribora. Poru\u010dite odmah!","robots":{"index":"index","follow":"follow","max-snippet":"max-snippet:-1","max-image-preview":"max-image-preview:large","max-video-preview":"max-video-preview:-1"},"canonical":"https:\/\/luxshoponline.rs\/index.php\/product\/kvarcni-sterilizator-za-metalni-pribor-250c-profesionalni\/","og_locale":"sr_RS","og_type":"article","og_title":"Kvarcni sterilizator za metalni pribor | 250\u00b0C profesionalni - Lux Shop Online","og_description":"Kvarcni sterilizator za metalne instrumente, temperatura do 250\u00b0C i snaga 100W. Idealno za salone i dezinfekciju sitnog pribora. Poru\u010dite odmah!","og_url":"https:\/\/luxshoponline.rs\/index.php\/product\/kvarcni-sterilizator-za-metalni-pribor-250c-profesionalni\/","og_site_name":"Lux Shop Online","og_image":[{"width":1079,"height":830,"url":"https:\/\/luxshoponline.rs\/wp-content\/uploads\/2025\/11\/165165722-66084cbecc3908-05619876df02fb79-9de9-4.webp","type":"image\/webp"}],"twitter_card":"summary_large_image","twitter_misc":{"Procenjeno vreme \u010ditanja":"2 minuta"},"schema":{"@context":"https:\/\/schema.org","@graph":[{"@type":"WebPage","@id":"https:\/\/luxshoponline.rs\/index.php\/product\/kvarcni-sterilizator-za-metalni-pribor-250c-profesionalni\/","url":"https:\/\/luxshoponline.rs\/index.php\/product\/kvarcni-sterilizator-za-metalni-pribor-250c-profesionalni\/","name":"Kvarcni sterilizator za metalni pribor | 250\u00b0C profesionalni - Lux Shop Online","isPartOf":{"@id":"https:\/\/luxshoponline.rs\/#website"},"primaryImageOfPage":{"@id":"https:\/\/luxshoponline.rs\/index.php\/product\/kvarcni-sterilizator-za-metalni-pribor-250c-profesionalni\/#primaryimage"},"image":{"@id":"https:\/\/luxshoponline.rs\/index.php\/product\/kvarcni-sterilizator-za-metalni-pribor-250c-profesionalni\/#primaryimage"},"thumbnailUrl":"https:\/\/luxshoponline.rs\/wp-content\/uploads\/2025\/11\/165165722-66084cbecc3908-05619876df02fb79-9de9-4.webp","datePublished":"2025-11-26T17:32:27+00:00","description":"Kvarcni sterilizator za metalne instrumente, temperatura do 250\u00b0C i snaga 100W. Idealno za salone i dezinfekciju sitnog pribora. Poru\u010dite odmah!","breadcrumb":{"@id":"https:\/\/luxshoponline.rs\/index.php\/product\/kvarcni-sterilizator-za-metalni-pribor-250c-profesionalni\/#breadcrumb"},"inLanguage":"sr-RS","potentialAction":[{"@type":"ReadAction","target":["https:\/\/luxshoponline.rs\/index.php\/product\/kvarcni-sterilizator-za-metalni-pribor-250c-profesionalni\/"]}]},{"@type":"ImageObject","inLanguage":"sr-RS","@id":"https:\/\/luxshoponline.rs\/index.php\/product\/kvarcni-sterilizator-za-metalni-pribor-250c-profesionalni\/#primaryimage","url":"https:\/\/luxshoponline.rs\/wp-content\/uploads\/2025\/11\/165165722-66084cbecc3908-05619876df02fb79-9de9-4.webp","contentUrl":"https:\/\/luxshoponline.rs\/wp-content\/uploads\/2025\/11\/165165722-66084cbecc3908-05619876df02fb79-9de9-4.webp","width":1079,"height":830,"caption":"Kvarcni sterilizator za metalni pribor | 250\u00b0C profesionalni"},{"@type":"BreadcrumbList","@id":"https:\/\/luxshoponline.rs\/index.php\/product\/kvarcni-sterilizator-za-metalni-pribor-250c-profesionalni\/#breadcrumb","itemListElement":[{"@type":"ListItem","position":1,"name":"Po\u010detna","item":"https:\/\/luxshoponline.rs\/"},{"@type":"ListItem","position":2,"name":"Proizvodi","item":"https:\/\/luxshoponline.rs\/index.php\/proizvodi\/"},{"@type":"ListItem","position":3,"name":"Kvarcni sterilizator za metalni pribor | 250\u00b0C profesionalni"}]},{"@type":"WebSite","@id":"https:\/\/luxshoponline.rs\/#website","url":"https:\/\/luxshoponline.rs\/","name":"Lux Shop Online","description":"Luksuz dostupan svima","publisher":{"@id":"https:\/\/luxshoponline.rs\/#organization"},"potentialAction":[{"@type":"SearchAction","target":{"@type":"EntryPoint","urlTemplate":"https:\/\/luxshoponline.rs\/?s={search_term_string}"},"query-input":{"@type":"PropertyValueSpecification","valueRequired":true,"valueName":"search_term_string"}}],"inLanguage":"sr-RS"},{"@type":"Organization","@id":"https:\/\/luxshoponline.rs\/#organization","name":"Lux Shop Online","url":"https:\/\/luxshoponline.rs\/","logo":{"@type":"ImageObject","inLanguage":"sr-RS","@id":"https:\/\/luxshoponline.rs\/#\/schema\/logo\/image\/","url":"https:\/\/luxshoponline.rs\/wp-content\/uploads\/2026\/01\/474762058-1390117471978944-3731352461606986801-n-4.png","contentUrl":"https:\/\/luxshoponline.rs\/wp-content\/uploads\/2026\/01\/474762058-1390117471978944-3731352461606986801-n-4.png","width":1433,"height":1436,"caption":"Lux Shop Online"},"image":{"@id":"https:\/\/luxshoponline.rs\/#\/schema\/logo\/image\/"}}]}},"jetpack_sharing_enabled":true,"_links":{"self":[{"href":"https:\/\/luxshoponline.rs\/index.php\/wp-json\/wp\/v2\/product\/12672","targetHints":{"allow":["GET"]}}],"collection":[{"href":"https:\/\/luxshoponline.rs\/index.php\/wp-json\/wp\/v2\/product"}],"about":[{"href":"https:\/\/luxshoponline.rs\/index.php\/wp-json\/wp\/v2\/types\/product"}],"wp:featuredmedia":[{"embeddable":true,"href":"https:\/\/luxshoponline.rs\/index.php\/wp-json\/wp\/v2\/media\/12677"}],"wp:attachment":[{"href":"https:\/\/luxshoponline.rs\/index.php\/wp-json\/wp\/v2\/media?parent=12672"}],"wp:term":[{"taxonomy":"product_brand","embeddable":true,"href":"https:\/\/luxshoponline.rs\/index.php\/wp-json\/wp\/v2\/product_brand?post=12672"},{"taxonomy":"product_cat","embeddable":true,"href":"https:\/\/luxshoponline.rs\/index.php\/wp-json\/wp\/v2\/product_cat?post=12672"},{"taxonomy":"product_tag","embeddable":true,"href":"https:\/\/luxshoponline.rs\/index.php\/wp-json\/wp\/v2\/product_tag?post=12672"}],"curies":[{"name":"wp","href":"https:\/\/api.w.org\/{rel}","templated":true}]}}