{"id":14007,"date":"2025-12-13T15:37:17","date_gmt":"2025-12-13T14:37:17","guid":{"rendered":"https:\/\/luxshoponline.rs\/?post_type=product&#038;p=14007"},"modified":"2025-12-13T15:38:53","modified_gmt":"2025-12-13T14:38:53","slug":"teleskopske-makaze-orezivanje-luxshop","status":"publish","type":"product","link":"https:\/\/luxshoponline.rs\/index.php\/product\/teleskopske-makaze-orezivanje-luxshop\/","title":{"rendered":"Teleskopske Makaze za Orezivanje \u2013 Lako i Brzo Se\u010denje Grana"},"content":{"rendered":"<h2>Teleskopske Makaze za Orezivanje \u2013 Profesionalan Rez bez Napora<\/h2>\n<p>Bez velikog ulaganja novca, dobijate ba\u0161tenski proizvod koji \u0107e Vam u\u0161tedeti dosta vremena, \u017eivaca, a i novca. Profesionalno i efikasno re\u0161avanje vrtlarskih poslova samo jednim jedinim alatom.<\/p>\n<h2>Klju\u010dne Prednosti LUX SHOP Makaza:<\/h2>\n<ul>\n<li><strong>Lako i brzo orezivanje (Princip poluge):<\/strong> Ove makaze \u0107e se\u0107i i deblje i tanje grane, jer princip poluge omogu\u0107ava da snaga ovog alata bude pogodna za bilo koje drvo.<\/li>\n<li><strong>Podesive Ru\u010dke za Ve\u0107i Doseg:<\/strong> Ne morate se popeti na drvo ili merdevine kako biste dohvatili neku vi\u0161u granu. Pritiskom na dugme, izdu\u017eujete ru\u010dke, tako da slobodno ostanite tu gde jeste, a makaze \u0107e dohvatiti sve \u0161to Vi \u017eelite.<\/li>\n<li><strong>Neklizaju\u0107i Ergonomski Dizajn:<\/strong> Ru\u010dke su ergonomski dizajnirane i vrlo su lake i udobne za rukovanje. Nema klizanja i rizika od evenutalnih povreda. Tako\u0111e Vam ne\u0107e stvarati \u017euljeve i iritacije po rukama.<\/li>\n<\/ul>\n<h2>Tehni\u010dke Specifikacije<\/h2>\n<p><strong>Paket sadr\u017ei:<\/strong> 1x Teleskopske makaze za orezivanje.<\/p>\n<h3>Pogledajte jo\u0161 proizvoda:<\/h3>\n<ul>\n<li><a href=\"https:\/\/kupionline.kpizlog.rs\/\" target=\"_blank\" rel=\"noopener\">KupujemProdajem profil<\/a> \u2013 jo\u0161 povoljnih vaga i opreme<\/li>\n<li><a href=\"https:\/\/www.instagram.com\/luxshopbg\/\" target=\"_blank\" rel=\"noopener\">Instagram @luxshopbg<\/a> \u2013 najnoviji proizvodi i akcije<\/li>\n<li><a href=\"https:\/\/www.facebook.com\/boxshopfb\" target=\"_blank\" rel=\"noopener\">Facebook Page<\/a> \u2013 pratite nas za ekskluzivne ponude<\/li>\n<li><a href=\"https:\/\/luxshoponline.rs\/index.php\/proizvodi\/\" target=\"_blank\" rel=\"noopener\">Online prodavnica LuxShop<\/a> \u2013 kompletan asortiman<\/li>\n<\/ul>\n<h3>LUX SHOP Garancije:<\/h3>\n<ul>\n<li>\u2713 Garancija 1 godina na sve proizvode (uz originalnu ambala\u017eu)<\/li>\n<li>\u2713 Originalni proizvodi sa sertifikatom<\/li>\n<li>\u2713 Brza isporuka u roku od 24h<\/li>\n<li>\u2713 Podr\u0161ka za sva tehni\u010dka pitanja<\/li>\n<\/ul>\n","protected":false},"excerpt":{"rendered":"<p>\u2702\ufe0f <strong>Re\u0161ite vrtlarske poslove brzo i efikasno!<\/strong> Ove teleskopske makaze omogu\u0107avaju lako orezivanje visokih i te\u0161ko dostupnih grana bez merdevina. U\u0161tedite vreme i novac! \u2728<\/p>\n","protected":false},"featured_media":13998,"template":"","meta":[],"product_brand":[],"product_cat":[111,114],"product_tag":[1956,1932,1952,1954,1955],"class_list":{"0":"post-14007","1":"product","2":"type-product","3":"status-publish","4":"has-post-thumbnail","6":"product_cat-alati-i-orudja","7":"product_cat-dvoriste-i-basta","8":"product_tag-alat","9":"product_tag-basta","10":"product_tag-bastenske-makaze","11":"product_tag-orezivanje","12":"product_tag-teleskopske-makaze","14":"first","15":"instock","16":"shipping-taxable","17":"purchasable","18":"product-type-simple"},"yoast_head":"<!-- This site is optimized with the Yoast SEO plugin v26.9 - https:\/\/yoast.com\/product\/yoast-seo-wordpress\/ -->\n<title>Teleskopske Makaze za Orezivanje \u2013 Lako i Brzo Se\u010denje Grana - Lux Shop Online<\/title>\n<meta name=\"description\" content=\"Profesionalne teleskopske makaze za orezivanje. Lako i brzo se\u010denje debljih grana zahvaljuju\u0107i principu poluge i podesivim neklizaju\u0107im ru\u010dkama. Lux Shop.\" \/>\n<meta name=\"robots\" content=\"index, follow, max-snippet:-1, max-image-preview:large, max-video-preview:-1\" \/>\n<link rel=\"canonical\" href=\"https:\/\/luxshoponline.rs\/index.php\/product\/teleskopske-makaze-orezivanje-luxshop\/\" \/>\n<meta property=\"og:locale\" content=\"sr_RS\" \/>\n<meta property=\"og:type\" content=\"article\" \/>\n<meta property=\"og:title\" content=\"Teleskopske Makaze za Orezivanje \u2013 Lako i Brzo Se\u010denje Grana - Lux Shop Online\" \/>\n<meta property=\"og:description\" content=\"Profesionalne teleskopske makaze za orezivanje. Lako i brzo se\u010denje debljih grana zahvaljuju\u0107i principu poluge i podesivim neklizaju\u0107im ru\u010dkama. Lux Shop.\" \/>\n<meta property=\"og:url\" content=\"https:\/\/luxshoponline.rs\/index.php\/product\/teleskopske-makaze-orezivanje-luxshop\/\" \/>\n<meta property=\"og:site_name\" content=\"Lux Shop Online\" \/>\n<meta property=\"article:modified_time\" content=\"2025-12-13T14:38:53+00:00\" \/>\n<meta property=\"og:image\" content=\"https:\/\/luxshoponline.rs\/wp-content\/uploads\/2025\/12\/big-171057378-66db38d9f042c6-221765223f684ac7-8d09-4.webp\" \/>\n\t<meta property=\"og:image:width\" content=\"622\" \/>\n\t<meta property=\"og:image:height\" content=\"632\" \/>\n\t<meta property=\"og:image:type\" content=\"image\/webp\" \/>\n<meta name=\"twitter:card\" content=\"summary_large_image\" \/>\n<meta name=\"twitter:label1\" content=\"Procenjeno vreme \u010ditanja\" \/>\n\t<meta name=\"twitter:data1\" content=\"2 minuta\" \/>\n<script type=\"application\/ld+json\" class=\"yoast-schema-graph\">{\"@context\":\"https:\/\/schema.org\",\"@graph\":[{\"@type\":\"WebPage\",\"@id\":\"https:\/\/luxshoponline.rs\/index.php\/product\/teleskopske-makaze-orezivanje-luxshop\/\",\"url\":\"https:\/\/luxshoponline.rs\/index.php\/product\/teleskopske-makaze-orezivanje-luxshop\/\",\"name\":\"Teleskopske Makaze za Orezivanje \u2013 Lako i Brzo Se\u010denje Grana - Lux Shop Online\",\"isPartOf\":{\"@id\":\"https:\/\/luxshoponline.rs\/#website\"},\"primaryImageOfPage\":{\"@id\":\"https:\/\/luxshoponline.rs\/index.php\/product\/teleskopske-makaze-orezivanje-luxshop\/#primaryimage\"},\"image\":{\"@id\":\"https:\/\/luxshoponline.rs\/index.php\/product\/teleskopske-makaze-orezivanje-luxshop\/#primaryimage\"},\"thumbnailUrl\":\"https:\/\/luxshoponline.rs\/wp-content\/uploads\/2025\/12\/big-171057378-66db38d9f042c6-221765223f684ac7-8d09-4.webp\",\"datePublished\":\"2025-12-13T14:37:17+00:00\",\"dateModified\":\"2025-12-13T14:38:53+00:00\",\"description\":\"Profesionalne teleskopske makaze za orezivanje. Lako i brzo se\u010denje debljih grana zahvaljuju\u0107i principu poluge i podesivim neklizaju\u0107im ru\u010dkama. Lux Shop.\",\"breadcrumb\":{\"@id\":\"https:\/\/luxshoponline.rs\/index.php\/product\/teleskopske-makaze-orezivanje-luxshop\/#breadcrumb\"},\"inLanguage\":\"sr-RS\",\"potentialAction\":[{\"@type\":\"ReadAction\",\"target\":[\"https:\/\/luxshoponline.rs\/index.php\/product\/teleskopske-makaze-orezivanje-luxshop\/\"]}]},{\"@type\":\"ImageObject\",\"inLanguage\":\"sr-RS\",\"@id\":\"https:\/\/luxshoponline.rs\/index.php\/product\/teleskopske-makaze-orezivanje-luxshop\/#primaryimage\",\"url\":\"https:\/\/luxshoponline.rs\/wp-content\/uploads\/2025\/12\/big-171057378-66db38d9f042c6-221765223f684ac7-8d09-4.webp\",\"contentUrl\":\"https:\/\/luxshoponline.rs\/wp-content\/uploads\/2025\/12\/big-171057378-66db38d9f042c6-221765223f684ac7-8d09-4.webp\",\"width\":622,\"height\":632},{\"@type\":\"BreadcrumbList\",\"@id\":\"https:\/\/luxshoponline.rs\/index.php\/product\/teleskopske-makaze-orezivanje-luxshop\/#breadcrumb\",\"itemListElement\":[{\"@type\":\"ListItem\",\"position\":1,\"name\":\"Po\u010detna\",\"item\":\"https:\/\/luxshoponline.rs\/\"},{\"@type\":\"ListItem\",\"position\":2,\"name\":\"Proizvodi\",\"item\":\"https:\/\/luxshoponline.rs\/index.php\/proizvodi\/\"},{\"@type\":\"ListItem\",\"position\":3,\"name\":\"Teleskopske Makaze za Orezivanje \u2013 Lako i Brzo Se\u010denje Grana\"}]},{\"@type\":\"WebSite\",\"@id\":\"https:\/\/luxshoponline.rs\/#website\",\"url\":\"https:\/\/luxshoponline.rs\/\",\"name\":\"Lux Shop Online\",\"description\":\"Luksuz dostupan svima\",\"publisher\":{\"@id\":\"https:\/\/luxshoponline.rs\/#organization\"},\"potentialAction\":[{\"@type\":\"SearchAction\",\"target\":{\"@type\":\"EntryPoint\",\"urlTemplate\":\"https:\/\/luxshoponline.rs\/?s={search_term_string}\"},\"query-input\":{\"@type\":\"PropertyValueSpecification\",\"valueRequired\":true,\"valueName\":\"search_term_string\"}}],\"inLanguage\":\"sr-RS\"},{\"@type\":\"Organization\",\"@id\":\"https:\/\/luxshoponline.rs\/#organization\",\"name\":\"Lux Shop Online\",\"url\":\"https:\/\/luxshoponline.rs\/\",\"logo\":{\"@type\":\"ImageObject\",\"inLanguage\":\"sr-RS\",\"@id\":\"https:\/\/luxshoponline.rs\/#\/schema\/logo\/image\/\",\"url\":\"https:\/\/luxshoponline.rs\/wp-content\/uploads\/2026\/01\/474762058-1390117471978944-3731352461606986801-n-4.png\",\"contentUrl\":\"https:\/\/luxshoponline.rs\/wp-content\/uploads\/2026\/01\/474762058-1390117471978944-3731352461606986801-n-4.png\",\"width\":1433,\"height\":1436,\"caption\":\"Lux Shop Online\"},\"image\":{\"@id\":\"https:\/\/luxshoponline.rs\/#\/schema\/logo\/image\/\"}}]}<\/script>\n<!-- \/ Yoast SEO plugin. -->","yoast_head_json":{"title":"Teleskopske Makaze za Orezivanje \u2013 Lako i Brzo Se\u010denje Grana - Lux Shop Online","description":"Profesionalne teleskopske makaze za orezivanje. Lako i brzo se\u010denje debljih grana zahvaljuju\u0107i principu poluge i podesivim neklizaju\u0107im ru\u010dkama. Lux Shop.","robots":{"index":"index","follow":"follow","max-snippet":"max-snippet:-1","max-image-preview":"max-image-preview:large","max-video-preview":"max-video-preview:-1"},"canonical":"https:\/\/luxshoponline.rs\/index.php\/product\/teleskopske-makaze-orezivanje-luxshop\/","og_locale":"sr_RS","og_type":"article","og_title":"Teleskopske Makaze za Orezivanje \u2013 Lako i Brzo Se\u010denje Grana - Lux Shop Online","og_description":"Profesionalne teleskopske makaze za orezivanje. Lako i brzo se\u010denje debljih grana zahvaljuju\u0107i principu poluge i podesivim neklizaju\u0107im ru\u010dkama. Lux Shop.","og_url":"https:\/\/luxshoponline.rs\/index.php\/product\/teleskopske-makaze-orezivanje-luxshop\/","og_site_name":"Lux Shop Online","article_modified_time":"2025-12-13T14:38:53+00:00","og_image":[{"width":622,"height":632,"url":"https:\/\/luxshoponline.rs\/wp-content\/uploads\/2025\/12\/big-171057378-66db38d9f042c6-221765223f684ac7-8d09-4.webp","type":"image\/webp"}],"twitter_card":"summary_large_image","twitter_misc":{"Procenjeno vreme \u010ditanja":"2 minuta"},"schema":{"@context":"https:\/\/schema.org","@graph":[{"@type":"WebPage","@id":"https:\/\/luxshoponline.rs\/index.php\/product\/teleskopske-makaze-orezivanje-luxshop\/","url":"https:\/\/luxshoponline.rs\/index.php\/product\/teleskopske-makaze-orezivanje-luxshop\/","name":"Teleskopske Makaze za Orezivanje \u2013 Lako i Brzo Se\u010denje Grana - Lux Shop Online","isPartOf":{"@id":"https:\/\/luxshoponline.rs\/#website"},"primaryImageOfPage":{"@id":"https:\/\/luxshoponline.rs\/index.php\/product\/teleskopske-makaze-orezivanje-luxshop\/#primaryimage"},"image":{"@id":"https:\/\/luxshoponline.rs\/index.php\/product\/teleskopske-makaze-orezivanje-luxshop\/#primaryimage"},"thumbnailUrl":"https:\/\/luxshoponline.rs\/wp-content\/uploads\/2025\/12\/big-171057378-66db38d9f042c6-221765223f684ac7-8d09-4.webp","datePublished":"2025-12-13T14:37:17+00:00","dateModified":"2025-12-13T14:38:53+00:00","description":"Profesionalne teleskopske makaze za orezivanje. Lako i brzo se\u010denje debljih grana zahvaljuju\u0107i principu poluge i podesivim neklizaju\u0107im ru\u010dkama. Lux Shop.","breadcrumb":{"@id":"https:\/\/luxshoponline.rs\/index.php\/product\/teleskopske-makaze-orezivanje-luxshop\/#breadcrumb"},"inLanguage":"sr-RS","potentialAction":[{"@type":"ReadAction","target":["https:\/\/luxshoponline.rs\/index.php\/product\/teleskopske-makaze-orezivanje-luxshop\/"]}]},{"@type":"ImageObject","inLanguage":"sr-RS","@id":"https:\/\/luxshoponline.rs\/index.php\/product\/teleskopske-makaze-orezivanje-luxshop\/#primaryimage","url":"https:\/\/luxshoponline.rs\/wp-content\/uploads\/2025\/12\/big-171057378-66db38d9f042c6-221765223f684ac7-8d09-4.webp","contentUrl":"https:\/\/luxshoponline.rs\/wp-content\/uploads\/2025\/12\/big-171057378-66db38d9f042c6-221765223f684ac7-8d09-4.webp","width":622,"height":632},{"@type":"BreadcrumbList","@id":"https:\/\/luxshoponline.rs\/index.php\/product\/teleskopske-makaze-orezivanje-luxshop\/#breadcrumb","itemListElement":[{"@type":"ListItem","position":1,"name":"Po\u010detna","item":"https:\/\/luxshoponline.rs\/"},{"@type":"ListItem","position":2,"name":"Proizvodi","item":"https:\/\/luxshoponline.rs\/index.php\/proizvodi\/"},{"@type":"ListItem","position":3,"name":"Teleskopske Makaze za Orezivanje \u2013 Lako i Brzo Se\u010denje Grana"}]},{"@type":"WebSite","@id":"https:\/\/luxshoponline.rs\/#website","url":"https:\/\/luxshoponline.rs\/","name":"Lux Shop Online","description":"Luksuz dostupan svima","publisher":{"@id":"https:\/\/luxshoponline.rs\/#organization"},"potentialAction":[{"@type":"SearchAction","target":{"@type":"EntryPoint","urlTemplate":"https:\/\/luxshoponline.rs\/?s={search_term_string}"},"query-input":{"@type":"PropertyValueSpecification","valueRequired":true,"valueName":"search_term_string"}}],"inLanguage":"sr-RS"},{"@type":"Organization","@id":"https:\/\/luxshoponline.rs\/#organization","name":"Lux Shop Online","url":"https:\/\/luxshoponline.rs\/","logo":{"@type":"ImageObject","inLanguage":"sr-RS","@id":"https:\/\/luxshoponline.rs\/#\/schema\/logo\/image\/","url":"https:\/\/luxshoponline.rs\/wp-content\/uploads\/2026\/01\/474762058-1390117471978944-3731352461606986801-n-4.png","contentUrl":"https:\/\/luxshoponline.rs\/wp-content\/uploads\/2026\/01\/474762058-1390117471978944-3731352461606986801-n-4.png","width":1433,"height":1436,"caption":"Lux Shop Online"},"image":{"@id":"https:\/\/luxshoponline.rs\/#\/schema\/logo\/image\/"}}]}},"jetpack_sharing_enabled":true,"_links":{"self":[{"href":"https:\/\/luxshoponline.rs\/index.php\/wp-json\/wp\/v2\/product\/14007","targetHints":{"allow":["GET"]}}],"collection":[{"href":"https:\/\/luxshoponline.rs\/index.php\/wp-json\/wp\/v2\/product"}],"about":[{"href":"https:\/\/luxshoponline.rs\/index.php\/wp-json\/wp\/v2\/types\/product"}],"wp:featuredmedia":[{"embeddable":true,"href":"https:\/\/luxshoponline.rs\/index.php\/wp-json\/wp\/v2\/media\/13998"}],"wp:attachment":[{"href":"https:\/\/luxshoponline.rs\/index.php\/wp-json\/wp\/v2\/media?parent=14007"}],"wp:term":[{"taxonomy":"product_brand","embeddable":true,"href":"https:\/\/luxshoponline.rs\/index.php\/wp-json\/wp\/v2\/product_brand?post=14007"},{"taxonomy":"product_cat","embeddable":true,"href":"https:\/\/luxshoponline.rs\/index.php\/wp-json\/wp\/v2\/product_cat?post=14007"},{"taxonomy":"product_tag","embeddable":true,"href":"https:\/\/luxshoponline.rs\/index.php\/wp-json\/wp\/v2\/product_tag?post=14007"}],"curies":[{"name":"wp","href":"https:\/\/api.w.org\/{rel}","templated":true}]}}