{"id":2009,"date":"2025-02-08T08:03:02","date_gmt":"2025-02-08T07:03:02","guid":{"rendered":"https:\/\/luxshoponline.rs\/?post_type=product&#038;p=2009"},"modified":"2025-08-26T14:58:24","modified_gmt":"2025-08-26T12:58:24","slug":"aku-rucna-testera-128v-dve-baterije-aku-testera","status":"publish","type":"product","link":"https:\/\/luxshoponline.rs\/index.php\/product\/aku-rucna-testera-128v-dve-baterije-aku-testera\/","title":{"rendered":"Aku testera 128V za obrezivanje i se\u010du drveta | Lux Shop"},"content":{"rendered":"<p class=\"\" data-start=\"317\" data-end=\"549\">Ova <strong data-start=\"340\" data-end=\"360\">Aku testera 128V<\/strong> je savr\u0161en alat za obrezivanje drve\u0107a i se\u010du vo\u0107ki. Sa laganim i kompaktnim dizajnom, jednostavna je za kori\u0161\u0107enje jednom rukom, \u010dine\u0107i va\u0161u svakodnevnu proizvodnju i rad u prirodi lak\u0161im.<\/p>\n<p class=\"\" data-start=\"551\" data-end=\"733\">\ud83d\udd0b <strong data-start=\"554\" data-end=\"582\">Litijumska baterija 128V<\/strong>: Ova testera se pokre\u0107e sna\u017enom litijumskom baterijom koja obezbe\u0111uje dugotrajnu upotrebu, uz brzinu lanca od 5m\/s, idealnu za brzu i efikasnu se\u010du.<\/p>\n<p class=\"\" data-start=\"735\" data-end=\"915\">\ud83d\udd27 <strong data-start=\"738\" data-end=\"754\">Lagan dizajn<\/strong>: Testera je vrlo lagana i male veli\u010dine, \u0161to omogu\u0107ava lak\u0161e rukovanje. Mo\u017ee se koristiti jednom rukom, \u0161to je \u010dini savr\u0161enom za sve vrste obrezivanja i se\u010de.<\/p>\n<p class=\"\" data-start=\"917\" data-end=\"1053\">\ud83d\udd26 <strong data-start=\"920\" data-end=\"934\">LED svetlo<\/strong>: Opremljena je LED svetlom, koje omogu\u0107ava rad \u010dak i pri slabijem osvetljenju, pa je pogodna za rad u svim uslovima.<\/p>\n<p class=\"\" data-start=\"1055\" data-end=\"1197\">\ud83d\udccf <strong data-start=\"1058\" data-end=\"1085\">Dimenzije i performanse<\/strong>: Du\u017eina maca i lanca je 8 in\u010da, a rezi se obavljaju na du\u017eini od 15 cm, \u0161to omogu\u0107ava precizne i brze rezove.<\/p>\n<p class=\"\" data-start=\"1199\" data-end=\"1223\">\ud83d\udd27 <strong data-start=\"1202\" data-end=\"1220\">Komplet sadr\u017ei<\/strong>:<\/p>\n<ul data-start=\"1224\" data-end=\"1351\">\n<li class=\"\" data-start=\"1224\" data-end=\"1250\">\n<p class=\"\" data-start=\"1226\" data-end=\"1250\">2x litijumske baterije<\/p>\n<\/li>\n<li class=\"\" data-start=\"1251\" data-end=\"1261\">\n<p class=\"\" data-start=\"1253\" data-end=\"1261\">Punjac<\/p>\n<\/li>\n<li class=\"\" data-start=\"1262\" data-end=\"1298\">\n<p class=\"\" data-start=\"1264\" data-end=\"1298\">Alat za pode\u0161avanje maca i lanca<\/p>\n<\/li>\n<li class=\"\" data-start=\"1299\" data-end=\"1351\">\n<p class=\"\" data-start=\"1301\" data-end=\"1351\">Prakti\u010dan kofer za lako skladi\u0161tenje i transport<\/p>\n<\/li>\n<\/ul>\n<hr class=\"\" data-start=\"1353\" data-end=\"1356\" \/>\n<p class=\"\" data-start=\"1358\" data-end=\"1598\"><strong data-start=\"1358\" data-end=\"1389\">Za\u0161to izabrati ovu testeru?<\/strong><br data-start=\"1389\" data-end=\"1392\" \/>Ova <strong data-start=\"1396\" data-end=\"1416\">Aku testera 128V<\/strong> pru\u017ea savr\u0161en spoj snage, prakti\u010dnosti i mobilnosti. Sa baterijama koje omogu\u0107avaju dugotrajan rad i lako\u0107om rukovanja, idealna je za sve vrste obrezivanja i se\u010de vo\u0107aka i drve\u0107a.<\/p>\n<p class=\"\" data-start=\"1600\" data-end=\"1675\">Poru\u010dite odmah! Na poru\u010dena 3 ili vi\u0161e artikala, ostvarite popust od 10%.<\/p>\n<p>\ud83d\udd17 <strong data-start=\"2149\" data-end=\"2178\">Pogledajte jo\u0161 proizvoda:<\/strong><\/p>\n<p class=\"\" data-start=\"2180\" data-end=\"2629\"><a class=\"\" href=\"https:\/\/kupionline.kpizlog.rs\/\" target=\"_new\" rel=\"noopener\" data-start=\"2180\" data-end=\"2240\"><strong data-start=\"2181\" data-end=\"2207\">KupujemProdajem profil<\/strong><\/a> \u2013 jo\u0161 povoljnih vaga i opreme<br data-start=\"2270\" data-end=\"2273\" \/><a class=\"\" href=\"https:\/\/www.instagram.com\/luxshopbg\/?utm_source=ig_web_button_share_sheet&amp;igsh=ZDNlZDc0MzIxNw%3D%3D#\" target=\"_new\" rel=\"noopener\" data-start=\"2273\" data-end=\"2401\"><strong data-start=\"2274\" data-end=\"2298\">Instagram @luxshopbg<\/strong><\/a> \u2013 najnoviji proizvodi i akcije<br data-start=\"2432\" data-end=\"2435\" \/><a class=\"\" href=\"https:\/\/www.facebook.com\/boxshopfb\" target=\"_new\" rel=\"noopener\" data-start=\"2435\" data-end=\"2490\"><strong data-start=\"2436\" data-end=\"2453\">Facebook Page<\/strong><\/a> \u2013 pratite nas za ekskluzivne ponude<br data-start=\"2526\" data-end=\"2529\" \/><a class=\"\" href=\"https:\/\/luxshoponline.rs\/index.php\/proizvodi\/\" target=\"_new\" rel=\"noopener\" data-start=\"2529\" data-end=\"2607\"><strong data-start=\"2530\" data-end=\"2559\">Online prodavnica LuxShop<\/strong><\/a> \u2013 kompletan asortiman<\/p>\n<p class=\"\" data-start=\"2631\" data-end=\"2831\">\ud83d\udee1 <strong data-start=\"2634\" data-end=\"2657\">LUX SHOP Garancije:<\/strong><br data-start=\"2657\" data-end=\"2660\" \/>\u2713 Garancija 1 godina na sve proizvode (uz originalnu ambala\u017eu)<br data-start=\"2722\" data-end=\"2725\" \/>\u2713 Originalni proizvodi sa sertifikatom<br data-start=\"2763\" data-end=\"2766\" \/>\u2713 Brza isporuka u roku od 24h<br data-start=\"2795\" data-end=\"2798\" \/>\u2713 Podr\u0161ka za sva tehni\u010dka pitanja<\/p>\n","protected":false},"excerpt":{"rendered":"<p>\ud83c\udf33 <strong data-start=\"1713\" data-end=\"1736\">Lagana i prenosiva!<\/strong> Aku testera 128V za obrezivanje drve\u0107a i se\u010du vo\u0107ki. LED svetlo, litijumska baterija i kofer u kompletu!<\/p>\n","protected":false},"featured_media":5099,"template":"","meta":[],"product_brand":[],"product_cat":[111],"product_tag":[101],"class_list":{"0":"post-2009","1":"product","2":"type-product","3":"status-publish","4":"has-post-thumbnail","6":"product_cat-alati-i-orudja","7":"product_tag-testera","9":"first","10":"instock","11":"shipping-taxable","12":"purchasable","13":"product-type-simple"},"yoast_head":"<!-- This site is optimized with the Yoast SEO plugin v26.9 - https:\/\/yoast.com\/product\/yoast-seo-wordpress\/ -->\n<title>Aku testera 128V za obrezivanje i se\u010du drveta | Lux Shop - Lux Shop Online<\/title>\n<meta name=\"description\" content=\"Aku testera sa litijumskom baterijom 128V. Idealna za obrezivanje drve\u0107a i vo\u0107ki. Lagan dizajn, prakti\u010dna za upotrebu. Brza isporuka! | Lux Shop\" \/>\n<meta name=\"robots\" content=\"index, follow, max-snippet:-1, max-image-preview:large, max-video-preview:-1\" \/>\n<link rel=\"canonical\" href=\"https:\/\/luxshoponline.rs\/index.php\/product\/aku-rucna-testera-128v-dve-baterije-aku-testera\/\" \/>\n<meta property=\"og:locale\" content=\"sr_RS\" \/>\n<meta property=\"og:type\" content=\"article\" \/>\n<meta property=\"og:title\" content=\"Aku testera 128V za obrezivanje i se\u010du drveta | Lux Shop - Lux Shop Online\" \/>\n<meta property=\"og:description\" content=\"Aku testera sa litijumskom baterijom 128V. Idealna za obrezivanje drve\u0107a i vo\u0107ki. Lagan dizajn, prakti\u010dna za upotrebu. Brza isporuka! | Lux Shop\" \/>\n<meta property=\"og:url\" content=\"https:\/\/luxshoponline.rs\/index.php\/product\/aku-rucna-testera-128v-dve-baterije-aku-testera\/\" \/>\n<meta property=\"og:site_name\" content=\"Lux Shop Online\" \/>\n<meta property=\"article:modified_time\" content=\"2025-08-26T12:58:24+00:00\" \/>\n<meta property=\"og:image\" content=\"https:\/\/luxshoponline.rs\/wp-content\/uploads\/2025\/02\/7380701644.jpg\" \/>\n\t<meta property=\"og:image:width\" content=\"503\" \/>\n\t<meta property=\"og:image:height\" content=\"600\" \/>\n\t<meta property=\"og:image:type\" content=\"image\/jpeg\" \/>\n<meta name=\"twitter:card\" content=\"summary_large_image\" \/>\n<meta name=\"twitter:label1\" content=\"Procenjeno vreme \u010ditanja\" \/>\n\t<meta name=\"twitter:data1\" content=\"2 minuta\" \/>\n<script type=\"application\/ld+json\" class=\"yoast-schema-graph\">{\"@context\":\"https:\/\/schema.org\",\"@graph\":[{\"@type\":\"WebPage\",\"@id\":\"https:\/\/luxshoponline.rs\/index.php\/product\/aku-rucna-testera-128v-dve-baterije-aku-testera\/\",\"url\":\"https:\/\/luxshoponline.rs\/index.php\/product\/aku-rucna-testera-128v-dve-baterije-aku-testera\/\",\"name\":\"Aku testera 128V za obrezivanje i se\u010du drveta | Lux Shop - Lux Shop Online\",\"isPartOf\":{\"@id\":\"https:\/\/luxshoponline.rs\/#website\"},\"primaryImageOfPage\":{\"@id\":\"https:\/\/luxshoponline.rs\/index.php\/product\/aku-rucna-testera-128v-dve-baterije-aku-testera\/#primaryimage\"},\"image\":{\"@id\":\"https:\/\/luxshoponline.rs\/index.php\/product\/aku-rucna-testera-128v-dve-baterije-aku-testera\/#primaryimage\"},\"thumbnailUrl\":\"https:\/\/luxshoponline.rs\/wp-content\/uploads\/2025\/02\/7380701644.jpg\",\"datePublished\":\"2025-02-08T07:03:02+00:00\",\"dateModified\":\"2025-08-26T12:58:24+00:00\",\"description\":\"Aku testera sa litijumskom baterijom 128V. Idealna za obrezivanje drve\u0107a i vo\u0107ki. Lagan dizajn, prakti\u010dna za upotrebu. Brza isporuka! | Lux Shop\",\"breadcrumb\":{\"@id\":\"https:\/\/luxshoponline.rs\/index.php\/product\/aku-rucna-testera-128v-dve-baterije-aku-testera\/#breadcrumb\"},\"inLanguage\":\"sr-RS\",\"potentialAction\":[{\"@type\":\"ReadAction\",\"target\":[\"https:\/\/luxshoponline.rs\/index.php\/product\/aku-rucna-testera-128v-dve-baterije-aku-testera\/\"]}]},{\"@type\":\"ImageObject\",\"inLanguage\":\"sr-RS\",\"@id\":\"https:\/\/luxshoponline.rs\/index.php\/product\/aku-rucna-testera-128v-dve-baterije-aku-testera\/#primaryimage\",\"url\":\"https:\/\/luxshoponline.rs\/wp-content\/uploads\/2025\/02\/7380701644.jpg\",\"contentUrl\":\"https:\/\/luxshoponline.rs\/wp-content\/uploads\/2025\/02\/7380701644.jpg\",\"width\":503,\"height\":600},{\"@type\":\"BreadcrumbList\",\"@id\":\"https:\/\/luxshoponline.rs\/index.php\/product\/aku-rucna-testera-128v-dve-baterije-aku-testera\/#breadcrumb\",\"itemListElement\":[{\"@type\":\"ListItem\",\"position\":1,\"name\":\"Po\u010detna\",\"item\":\"https:\/\/luxshoponline.rs\/\"},{\"@type\":\"ListItem\",\"position\":2,\"name\":\"Proizvodi\",\"item\":\"https:\/\/luxshoponline.rs\/index.php\/proizvodi\/\"},{\"@type\":\"ListItem\",\"position\":3,\"name\":\"Aku testera 128V za obrezivanje i se\u010du drveta | Lux Shop\"}]},{\"@type\":\"WebSite\",\"@id\":\"https:\/\/luxshoponline.rs\/#website\",\"url\":\"https:\/\/luxshoponline.rs\/\",\"name\":\"Lux Shop Online\",\"description\":\"Luksuz dostupan svima\",\"publisher\":{\"@id\":\"https:\/\/luxshoponline.rs\/#organization\"},\"potentialAction\":[{\"@type\":\"SearchAction\",\"target\":{\"@type\":\"EntryPoint\",\"urlTemplate\":\"https:\/\/luxshoponline.rs\/?s={search_term_string}\"},\"query-input\":{\"@type\":\"PropertyValueSpecification\",\"valueRequired\":true,\"valueName\":\"search_term_string\"}}],\"inLanguage\":\"sr-RS\"},{\"@type\":\"Organization\",\"@id\":\"https:\/\/luxshoponline.rs\/#organization\",\"name\":\"Lux Shop Online\",\"url\":\"https:\/\/luxshoponline.rs\/\",\"logo\":{\"@type\":\"ImageObject\",\"inLanguage\":\"sr-RS\",\"@id\":\"https:\/\/luxshoponline.rs\/#\/schema\/logo\/image\/\",\"url\":\"https:\/\/luxshoponline.rs\/wp-content\/uploads\/2026\/01\/474762058-1390117471978944-3731352461606986801-n-4.png\",\"contentUrl\":\"https:\/\/luxshoponline.rs\/wp-content\/uploads\/2026\/01\/474762058-1390117471978944-3731352461606986801-n-4.png\",\"width\":1433,\"height\":1436,\"caption\":\"Lux Shop Online\"},\"image\":{\"@id\":\"https:\/\/luxshoponline.rs\/#\/schema\/logo\/image\/\"}}]}<\/script>\n<!-- \/ Yoast SEO plugin. -->","yoast_head_json":{"title":"Aku testera 128V za obrezivanje i se\u010du drveta | Lux Shop - Lux Shop Online","description":"Aku testera sa litijumskom baterijom 128V. Idealna za obrezivanje drve\u0107a i vo\u0107ki. Lagan dizajn, prakti\u010dna za upotrebu. Brza isporuka! | Lux Shop","robots":{"index":"index","follow":"follow","max-snippet":"max-snippet:-1","max-image-preview":"max-image-preview:large","max-video-preview":"max-video-preview:-1"},"canonical":"https:\/\/luxshoponline.rs\/index.php\/product\/aku-rucna-testera-128v-dve-baterije-aku-testera\/","og_locale":"sr_RS","og_type":"article","og_title":"Aku testera 128V za obrezivanje i se\u010du drveta | Lux Shop - Lux Shop Online","og_description":"Aku testera sa litijumskom baterijom 128V. Idealna za obrezivanje drve\u0107a i vo\u0107ki. Lagan dizajn, prakti\u010dna za upotrebu. Brza isporuka! | Lux Shop","og_url":"https:\/\/luxshoponline.rs\/index.php\/product\/aku-rucna-testera-128v-dve-baterije-aku-testera\/","og_site_name":"Lux Shop Online","article_modified_time":"2025-08-26T12:58:24+00:00","og_image":[{"width":503,"height":600,"url":"https:\/\/luxshoponline.rs\/wp-content\/uploads\/2025\/02\/7380701644.jpg","type":"image\/jpeg"}],"twitter_card":"summary_large_image","twitter_misc":{"Procenjeno vreme \u010ditanja":"2 minuta"},"schema":{"@context":"https:\/\/schema.org","@graph":[{"@type":"WebPage","@id":"https:\/\/luxshoponline.rs\/index.php\/product\/aku-rucna-testera-128v-dve-baterije-aku-testera\/","url":"https:\/\/luxshoponline.rs\/index.php\/product\/aku-rucna-testera-128v-dve-baterije-aku-testera\/","name":"Aku testera 128V za obrezivanje i se\u010du drveta | Lux Shop - Lux Shop Online","isPartOf":{"@id":"https:\/\/luxshoponline.rs\/#website"},"primaryImageOfPage":{"@id":"https:\/\/luxshoponline.rs\/index.php\/product\/aku-rucna-testera-128v-dve-baterije-aku-testera\/#primaryimage"},"image":{"@id":"https:\/\/luxshoponline.rs\/index.php\/product\/aku-rucna-testera-128v-dve-baterije-aku-testera\/#primaryimage"},"thumbnailUrl":"https:\/\/luxshoponline.rs\/wp-content\/uploads\/2025\/02\/7380701644.jpg","datePublished":"2025-02-08T07:03:02+00:00","dateModified":"2025-08-26T12:58:24+00:00","description":"Aku testera sa litijumskom baterijom 128V. Idealna za obrezivanje drve\u0107a i vo\u0107ki. Lagan dizajn, prakti\u010dna za upotrebu. Brza isporuka! | Lux Shop","breadcrumb":{"@id":"https:\/\/luxshoponline.rs\/index.php\/product\/aku-rucna-testera-128v-dve-baterije-aku-testera\/#breadcrumb"},"inLanguage":"sr-RS","potentialAction":[{"@type":"ReadAction","target":["https:\/\/luxshoponline.rs\/index.php\/product\/aku-rucna-testera-128v-dve-baterije-aku-testera\/"]}]},{"@type":"ImageObject","inLanguage":"sr-RS","@id":"https:\/\/luxshoponline.rs\/index.php\/product\/aku-rucna-testera-128v-dve-baterije-aku-testera\/#primaryimage","url":"https:\/\/luxshoponline.rs\/wp-content\/uploads\/2025\/02\/7380701644.jpg","contentUrl":"https:\/\/luxshoponline.rs\/wp-content\/uploads\/2025\/02\/7380701644.jpg","width":503,"height":600},{"@type":"BreadcrumbList","@id":"https:\/\/luxshoponline.rs\/index.php\/product\/aku-rucna-testera-128v-dve-baterije-aku-testera\/#breadcrumb","itemListElement":[{"@type":"ListItem","position":1,"name":"Po\u010detna","item":"https:\/\/luxshoponline.rs\/"},{"@type":"ListItem","position":2,"name":"Proizvodi","item":"https:\/\/luxshoponline.rs\/index.php\/proizvodi\/"},{"@type":"ListItem","position":3,"name":"Aku testera 128V za obrezivanje i se\u010du drveta | Lux Shop"}]},{"@type":"WebSite","@id":"https:\/\/luxshoponline.rs\/#website","url":"https:\/\/luxshoponline.rs\/","name":"Lux Shop Online","description":"Luksuz dostupan svima","publisher":{"@id":"https:\/\/luxshoponline.rs\/#organization"},"potentialAction":[{"@type":"SearchAction","target":{"@type":"EntryPoint","urlTemplate":"https:\/\/luxshoponline.rs\/?s={search_term_string}"},"query-input":{"@type":"PropertyValueSpecification","valueRequired":true,"valueName":"search_term_string"}}],"inLanguage":"sr-RS"},{"@type":"Organization","@id":"https:\/\/luxshoponline.rs\/#organization","name":"Lux Shop Online","url":"https:\/\/luxshoponline.rs\/","logo":{"@type":"ImageObject","inLanguage":"sr-RS","@id":"https:\/\/luxshoponline.rs\/#\/schema\/logo\/image\/","url":"https:\/\/luxshoponline.rs\/wp-content\/uploads\/2026\/01\/474762058-1390117471978944-3731352461606986801-n-4.png","contentUrl":"https:\/\/luxshoponline.rs\/wp-content\/uploads\/2026\/01\/474762058-1390117471978944-3731352461606986801-n-4.png","width":1433,"height":1436,"caption":"Lux Shop Online"},"image":{"@id":"https:\/\/luxshoponline.rs\/#\/schema\/logo\/image\/"}}]}},"jetpack_sharing_enabled":true,"_links":{"self":[{"href":"https:\/\/luxshoponline.rs\/index.php\/wp-json\/wp\/v2\/product\/2009","targetHints":{"allow":["GET"]}}],"collection":[{"href":"https:\/\/luxshoponline.rs\/index.php\/wp-json\/wp\/v2\/product"}],"about":[{"href":"https:\/\/luxshoponline.rs\/index.php\/wp-json\/wp\/v2\/types\/product"}],"wp:featuredmedia":[{"embeddable":true,"href":"https:\/\/luxshoponline.rs\/index.php\/wp-json\/wp\/v2\/media\/5099"}],"wp:attachment":[{"href":"https:\/\/luxshoponline.rs\/index.php\/wp-json\/wp\/v2\/media?parent=2009"}],"wp:term":[{"taxonomy":"product_brand","embeddable":true,"href":"https:\/\/luxshoponline.rs\/index.php\/wp-json\/wp\/v2\/product_brand?post=2009"},{"taxonomy":"product_cat","embeddable":true,"href":"https:\/\/luxshoponline.rs\/index.php\/wp-json\/wp\/v2\/product_cat?post=2009"},{"taxonomy":"product_tag","embeddable":true,"href":"https:\/\/luxshoponline.rs\/index.php\/wp-json\/wp\/v2\/product_tag?post=2009"}],"curies":[{"name":"wp","href":"https:\/\/api.w.org\/{rel}","templated":true}]}}