{"id":2443,"date":"2025-05-26T04:26:59","date_gmt":"2025-05-26T02:26:59","guid":{"rendered":"https:\/\/luxshoponline.rs\/?post_type=product&#038;p=2443"},"modified":"2025-05-26T04:26:59","modified_gmt":"2025-05-26T02:26:59","slug":"aku-polirka-za-auto-12v-potenciometar","status":"publish","type":"product","link":"https:\/\/luxshoponline.rs\/index.php\/product\/aku-polirka-za-auto-12v-potenciometar\/","title":{"rendered":"Aku polirka 12V za auto | Sa potenciometrom i 6 brzina"},"content":{"rendered":"<p data-start=\"408\" data-end=\"538\"><strong data-start=\"408\" data-end=\"435\">Aku polirka za auto 12V<\/strong> je odli\u010dan alat za sve ljubitelje automobila i profesionalce koji \u017eele savr\u0161eno ispolirane povr\u0161ine.<\/p>\n<p data-start=\"540\" data-end=\"701\">Koristi se za poliranje laka, uklanjanje ogrebotina, vrtloga i sitnih nedostataka. Idealna je za sve vrste farbanih povr\u0161ina na automobilima i drugim vozilima.<\/p>\n<p data-start=\"703\" data-end=\"850\">Ima <strong data-start=\"707\" data-end=\"743\">potenciometar za kontrolu brzine<\/strong> u 6 nivoa \u2013 od 2500 do 5000 obrtaja u minuti. Ergonomska ru\u010dka spre\u010dava klizanje i omogu\u0107ava udoban rad.<\/p>\n<p data-start=\"852\" data-end=\"998\">Na telu ure\u0111aja nalaze se svetlosni indikatori napunjenosti: <strong data-start=\"913\" data-end=\"931\">zelena za puno<\/strong>, <strong data-start=\"933\" data-end=\"959\">\u017euta za srednje stanje<\/strong>, <strong data-start=\"961\" data-end=\"997\">crvena kada je vreme za punjenje<\/strong>.<\/p>\n<h3 data-start=\"1000\" data-end=\"1053\">Glavne Karakteristike \u2013 Aku Polirka za Auto 12V<\/h3>\n<p data-start=\"1054\" data-end=\"1290\">\u2714 Radni napon 12V \u2013 idealan za mobilnu upotrebu<br data-start=\"1101\" data-end=\"1104\" \/>\u2714 6 brzina \u2013 sa potencimetrom (2500\u20135000 RPM)<br data-start=\"1149\" data-end=\"1152\" \/>\u2714 Ergonomski dizajn \u2013 udobno i sigurno dr\u017eanje<br data-start=\"1198\" data-end=\"1201\" \/>\u2714 Disk 150 mm \u2013 odli\u010dna pokrivenost povr\u0161ine<br data-start=\"1245\" data-end=\"1248\" \/>\u2714 Garancija 1 godina \u2013 pouzdana kupovina<\/p>\n<h3 data-start=\"1292\" data-end=\"1320\">Dodatne specifikacije:<\/h3>\n<p data-start=\"1321\" data-end=\"1478\">\u2022 Materijal: ABS plastika, metal, sun\u0111er<br data-start=\"1361\" data-end=\"1364\" \/>\u2022 Orbita: 8 mm<br data-start=\"1378\" data-end=\"1381\" \/>\u2022 Dimenzije: 23 x 15 x 13 cm<br data-start=\"1409\" data-end=\"1412\" \/>\u2022 Napon punjenja: 110V\/220V<br data-start=\"1439\" data-end=\"1442\" \/>\u2022 Uti\u010dnica: EU ili ameri\u010dki utika\u010d<\/p>\n<hr data-start=\"1480\" data-end=\"1483\" \/>\n<h3 data-start=\"1485\" data-end=\"1533\">\ud83d\udd35 Za\u0161to Izabrati Aku Polirku za Auto 12V?<\/h3>\n<p data-start=\"1534\" data-end=\"1673\">Kompaktna, precizna i jednostavna za upotrebu. Pru\u017ea profesionalne rezultate \u010dak i po\u010detnicima. Odli\u010dan dodatak za svaku gara\u017eu ili servis.<\/p>\n<hr data-start=\"1675\" data-end=\"1678\" \/>\n<h3 data-start=\"1680\" data-end=\"1708\">\ud83d\uded2 Poru\u010dite Jo\u0161 Danas!<\/h3>\n<p data-start=\"1709\" data-end=\"1829\">Iskoristite povoljne cene i osigurajte sebe kvalitetnim alatom. Na poru\u010denih 3 ili vi\u0161e artikala dobijate popust od 10%!<\/p>\n<hr data-start=\"1831\" data-end=\"1834\" \/>\n<h3 data-start=\"1836\" data-end=\"1870\">\ud83d\udd17 Pogledajte jo\u0161 proizvoda:<\/h3>\n<p data-start=\"1871\" data-end=\"2255\"><a class=\"\" href=\"https:\/\/kupionline.kpizlog.rs\/\" target=\"_new\" rel=\"noopener\" data-start=\"1871\" data-end=\"1960\">\ud83d\udd17 KupujemProdajem profil \u2013 jo\u0161 povoljnih vaga i opreme<\/a><br data-start=\"1960\" data-end=\"1963\" \/><a class=\"\" href=\"https:\/\/www.instagram.com\/luxshopbg\/#\" target=\"_new\" rel=\"noopener\" data-start=\"1963\" data-end=\"2058\">\ud83d\udd17 Instagram @luxshopbg \u2013 najnoviji proizvodi i akcije<\/a><br data-start=\"2058\" data-end=\"2061\" \/><a class=\"\" href=\"https:\/\/www.facebook.com\/boxshopfb\" target=\"_new\" rel=\"noopener\" data-start=\"2061\" data-end=\"2151\">\ud83d\udd17 Facebook Page \u2013 pratite nas za ekskluzivne ponude<\/a><br data-start=\"2151\" data-end=\"2154\" \/><a class=\"\" href=\"https:\/\/luxshoponline.rs\/index.php\/proizvodi\/\" target=\"_new\" rel=\"noopener\" data-start=\"2154\" data-end=\"2253\">\ud83d\udd17 Online prodavnica LuxShop \u2013 kompletan asortiman<\/a><\/p>\n<hr data-start=\"2257\" data-end=\"2260\" \/>\n<h3 data-start=\"2262\" data-end=\"2290\">\ud83d\udee1 LUX SHOP Garancije:<\/h3>\n<p data-start=\"2291\" data-end=\"2464\">\u2713 Garancija 1 godina na sve proizvode (uz originalnu ambala\u017eu)<br data-start=\"2353\" data-end=\"2356\" \/>\u2713 Originalni proizvodi sa sertifikatom<br data-start=\"2394\" data-end=\"2397\" \/>\u2713 Brza isporuka u roku od 24h<br data-start=\"2426\" data-end=\"2429\" \/>\u2713 Podr\u0161ka za sva tehni\u010dka pitanja<\/p>\n","protected":false},"excerpt":{"rendered":"<p>\ud83d\ude98 Aku Polirka 12V \u2013 Sjaj i Za\u0161tita za Va\u0161 Auto!<br data-start=\"2880\" data-end=\"2883\" \/>\ud83d\udd04 6 brzina, 2500\u20135000 obrtaja\/min<br data-start=\"2917\" data-end=\"2920\" \/>\ud83d\udd90\ufe0f Ergonomska dr\u0161ka i lagan rad<br data-start=\"2952\" data-end=\"2955\" \/>\u2699\ufe0f Pre\u010dnik diska 150 mm \u2013 velika povr\u0161ina<br data-start=\"2996\" data-end=\"2999\" \/>\u2705 Garancija 1 godina \u2013 poru\u010di odmah! \ud83d\udd0b<\/p>\n","protected":false},"featured_media":2448,"template":"","meta":[],"product_brand":[],"product_cat":[111],"product_tag":[],"class_list":{"0":"post-2443","1":"product","2":"type-product","3":"status-publish","4":"has-post-thumbnail","6":"product_cat-alati-i-orudja","8":"first","9":"instock","10":"shipping-taxable","11":"purchasable","12":"product-type-simple"},"yoast_head":"<!-- This site is optimized with the Yoast SEO plugin v26.9 - https:\/\/yoast.com\/product\/yoast-seo-wordpress\/ -->\n<title>Aku polirka 12V za auto | Sa potenciometrom i 6 brzina - Lux Shop Online<\/title>\n<meta name=\"description\" content=\"Aku polirka 12V sa 6 brzina i potenciometrom. Pogodna za poliranje automobila, uklanjanje ogrebotina i sjaj bez muke. Garancija 1 godina. Brza isporuka.\" \/>\n<meta name=\"robots\" content=\"index, follow, max-snippet:-1, max-image-preview:large, max-video-preview:-1\" \/>\n<link rel=\"canonical\" href=\"https:\/\/luxshoponline.rs\/index.php\/product\/aku-polirka-za-auto-12v-potenciometar\/\" \/>\n<meta property=\"og:locale\" content=\"sr_RS\" \/>\n<meta property=\"og:type\" content=\"article\" \/>\n<meta property=\"og:title\" content=\"Aku polirka 12V za auto | Sa potenciometrom i 6 brzina - Lux Shop Online\" \/>\n<meta property=\"og:description\" content=\"Aku polirka 12V sa 6 brzina i potenciometrom. Pogodna za poliranje automobila, uklanjanje ogrebotina i sjaj bez muke. Garancija 1 godina. Brza isporuka.\" \/>\n<meta property=\"og:url\" content=\"https:\/\/luxshoponline.rs\/index.php\/product\/aku-polirka-za-auto-12v-potenciometar\/\" \/>\n<meta property=\"og:site_name\" content=\"Lux Shop Online\" \/>\n<meta property=\"og:image\" content=\"https:\/\/luxshoponline.rs\/wp-content\/uploads\/2025\/05\/tmb-300x300-160853213-657c78f223d632-79748800bfbbaec0-1e05-4.webp\" \/>\n\t<meta property=\"og:image:width\" content=\"300\" \/>\n\t<meta property=\"og:image:height\" content=\"298\" \/>\n\t<meta property=\"og:image:type\" content=\"image\/webp\" \/>\n<meta name=\"twitter:card\" content=\"summary_large_image\" \/>\n<meta name=\"twitter:label1\" content=\"Procenjeno vreme \u010ditanja\" \/>\n\t<meta name=\"twitter:data1\" content=\"2 minuta\" \/>\n<script type=\"application\/ld+json\" class=\"yoast-schema-graph\">{\"@context\":\"https:\/\/schema.org\",\"@graph\":[{\"@type\":\"WebPage\",\"@id\":\"https:\/\/luxshoponline.rs\/index.php\/product\/aku-polirka-za-auto-12v-potenciometar\/\",\"url\":\"https:\/\/luxshoponline.rs\/index.php\/product\/aku-polirka-za-auto-12v-potenciometar\/\",\"name\":\"Aku polirka 12V za auto | Sa potenciometrom i 6 brzina - Lux Shop Online\",\"isPartOf\":{\"@id\":\"https:\/\/luxshoponline.rs\/#website\"},\"primaryImageOfPage\":{\"@id\":\"https:\/\/luxshoponline.rs\/index.php\/product\/aku-polirka-za-auto-12v-potenciometar\/#primaryimage\"},\"image\":{\"@id\":\"https:\/\/luxshoponline.rs\/index.php\/product\/aku-polirka-za-auto-12v-potenciometar\/#primaryimage\"},\"thumbnailUrl\":\"https:\/\/luxshoponline.rs\/wp-content\/uploads\/2025\/05\/tmb-300x300-160853213-657c78f223d632-79748800bfbbaec0-1e05-4.webp\",\"datePublished\":\"2025-05-26T02:26:59+00:00\",\"description\":\"Aku polirka 12V sa 6 brzina i potenciometrom. Pogodna za poliranje automobila, uklanjanje ogrebotina i sjaj bez muke. Garancija 1 godina. Brza isporuka.\",\"breadcrumb\":{\"@id\":\"https:\/\/luxshoponline.rs\/index.php\/product\/aku-polirka-za-auto-12v-potenciometar\/#breadcrumb\"},\"inLanguage\":\"sr-RS\",\"potentialAction\":[{\"@type\":\"ReadAction\",\"target\":[\"https:\/\/luxshoponline.rs\/index.php\/product\/aku-polirka-za-auto-12v-potenciometar\/\"]}]},{\"@type\":\"ImageObject\",\"inLanguage\":\"sr-RS\",\"@id\":\"https:\/\/luxshoponline.rs\/index.php\/product\/aku-polirka-za-auto-12v-potenciometar\/#primaryimage\",\"url\":\"https:\/\/luxshoponline.rs\/wp-content\/uploads\/2025\/05\/tmb-300x300-160853213-657c78f223d632-79748800bfbbaec0-1e05-4.webp\",\"contentUrl\":\"https:\/\/luxshoponline.rs\/wp-content\/uploads\/2025\/05\/tmb-300x300-160853213-657c78f223d632-79748800bfbbaec0-1e05-4.webp\",\"width\":300,\"height\":298,\"caption\":\"Aku polirka za auto 12V sa potenciometrom i pode\u0161avanjem brzine 2500\u20135000 o\/min\"},{\"@type\":\"BreadcrumbList\",\"@id\":\"https:\/\/luxshoponline.rs\/index.php\/product\/aku-polirka-za-auto-12v-potenciometar\/#breadcrumb\",\"itemListElement\":[{\"@type\":\"ListItem\",\"position\":1,\"name\":\"Po\u010detna\",\"item\":\"https:\/\/luxshoponline.rs\/\"},{\"@type\":\"ListItem\",\"position\":2,\"name\":\"Proizvodi\",\"item\":\"https:\/\/luxshoponline.rs\/index.php\/proizvodi\/\"},{\"@type\":\"ListItem\",\"position\":3,\"name\":\"Aku polirka 12V za auto | Sa potenciometrom i 6 brzina\"}]},{\"@type\":\"WebSite\",\"@id\":\"https:\/\/luxshoponline.rs\/#website\",\"url\":\"https:\/\/luxshoponline.rs\/\",\"name\":\"Lux Shop Online\",\"description\":\"Luksuz dostupan svima\",\"publisher\":{\"@id\":\"https:\/\/luxshoponline.rs\/#organization\"},\"potentialAction\":[{\"@type\":\"SearchAction\",\"target\":{\"@type\":\"EntryPoint\",\"urlTemplate\":\"https:\/\/luxshoponline.rs\/?s={search_term_string}\"},\"query-input\":{\"@type\":\"PropertyValueSpecification\",\"valueRequired\":true,\"valueName\":\"search_term_string\"}}],\"inLanguage\":\"sr-RS\"},{\"@type\":\"Organization\",\"@id\":\"https:\/\/luxshoponline.rs\/#organization\",\"name\":\"Lux Shop Online\",\"url\":\"https:\/\/luxshoponline.rs\/\",\"logo\":{\"@type\":\"ImageObject\",\"inLanguage\":\"sr-RS\",\"@id\":\"https:\/\/luxshoponline.rs\/#\/schema\/logo\/image\/\",\"url\":\"https:\/\/luxshoponline.rs\/wp-content\/uploads\/2026\/01\/474762058-1390117471978944-3731352461606986801-n-4.png\",\"contentUrl\":\"https:\/\/luxshoponline.rs\/wp-content\/uploads\/2026\/01\/474762058-1390117471978944-3731352461606986801-n-4.png\",\"width\":1433,\"height\":1436,\"caption\":\"Lux Shop Online\"},\"image\":{\"@id\":\"https:\/\/luxshoponline.rs\/#\/schema\/logo\/image\/\"}}]}<\/script>\n<!-- \/ Yoast SEO plugin. -->","yoast_head_json":{"title":"Aku polirka 12V za auto | Sa potenciometrom i 6 brzina - Lux Shop Online","description":"Aku polirka 12V sa 6 brzina i potenciometrom. Pogodna za poliranje automobila, uklanjanje ogrebotina i sjaj bez muke. Garancija 1 godina. Brza isporuka.","robots":{"index":"index","follow":"follow","max-snippet":"max-snippet:-1","max-image-preview":"max-image-preview:large","max-video-preview":"max-video-preview:-1"},"canonical":"https:\/\/luxshoponline.rs\/index.php\/product\/aku-polirka-za-auto-12v-potenciometar\/","og_locale":"sr_RS","og_type":"article","og_title":"Aku polirka 12V za auto | Sa potenciometrom i 6 brzina - Lux Shop Online","og_description":"Aku polirka 12V sa 6 brzina i potenciometrom. Pogodna za poliranje automobila, uklanjanje ogrebotina i sjaj bez muke. Garancija 1 godina. Brza isporuka.","og_url":"https:\/\/luxshoponline.rs\/index.php\/product\/aku-polirka-za-auto-12v-potenciometar\/","og_site_name":"Lux Shop Online","og_image":[{"width":300,"height":298,"url":"https:\/\/luxshoponline.rs\/wp-content\/uploads\/2025\/05\/tmb-300x300-160853213-657c78f223d632-79748800bfbbaec0-1e05-4.webp","type":"image\/webp"}],"twitter_card":"summary_large_image","twitter_misc":{"Procenjeno vreme \u010ditanja":"2 minuta"},"schema":{"@context":"https:\/\/schema.org","@graph":[{"@type":"WebPage","@id":"https:\/\/luxshoponline.rs\/index.php\/product\/aku-polirka-za-auto-12v-potenciometar\/","url":"https:\/\/luxshoponline.rs\/index.php\/product\/aku-polirka-za-auto-12v-potenciometar\/","name":"Aku polirka 12V za auto | Sa potenciometrom i 6 brzina - Lux Shop Online","isPartOf":{"@id":"https:\/\/luxshoponline.rs\/#website"},"primaryImageOfPage":{"@id":"https:\/\/luxshoponline.rs\/index.php\/product\/aku-polirka-za-auto-12v-potenciometar\/#primaryimage"},"image":{"@id":"https:\/\/luxshoponline.rs\/index.php\/product\/aku-polirka-za-auto-12v-potenciometar\/#primaryimage"},"thumbnailUrl":"https:\/\/luxshoponline.rs\/wp-content\/uploads\/2025\/05\/tmb-300x300-160853213-657c78f223d632-79748800bfbbaec0-1e05-4.webp","datePublished":"2025-05-26T02:26:59+00:00","description":"Aku polirka 12V sa 6 brzina i potenciometrom. Pogodna za poliranje automobila, uklanjanje ogrebotina i sjaj bez muke. Garancija 1 godina. Brza isporuka.","breadcrumb":{"@id":"https:\/\/luxshoponline.rs\/index.php\/product\/aku-polirka-za-auto-12v-potenciometar\/#breadcrumb"},"inLanguage":"sr-RS","potentialAction":[{"@type":"ReadAction","target":["https:\/\/luxshoponline.rs\/index.php\/product\/aku-polirka-za-auto-12v-potenciometar\/"]}]},{"@type":"ImageObject","inLanguage":"sr-RS","@id":"https:\/\/luxshoponline.rs\/index.php\/product\/aku-polirka-za-auto-12v-potenciometar\/#primaryimage","url":"https:\/\/luxshoponline.rs\/wp-content\/uploads\/2025\/05\/tmb-300x300-160853213-657c78f223d632-79748800bfbbaec0-1e05-4.webp","contentUrl":"https:\/\/luxshoponline.rs\/wp-content\/uploads\/2025\/05\/tmb-300x300-160853213-657c78f223d632-79748800bfbbaec0-1e05-4.webp","width":300,"height":298,"caption":"Aku polirka za auto 12V sa potenciometrom i pode\u0161avanjem brzine 2500\u20135000 o\/min"},{"@type":"BreadcrumbList","@id":"https:\/\/luxshoponline.rs\/index.php\/product\/aku-polirka-za-auto-12v-potenciometar\/#breadcrumb","itemListElement":[{"@type":"ListItem","position":1,"name":"Po\u010detna","item":"https:\/\/luxshoponline.rs\/"},{"@type":"ListItem","position":2,"name":"Proizvodi","item":"https:\/\/luxshoponline.rs\/index.php\/proizvodi\/"},{"@type":"ListItem","position":3,"name":"Aku polirka 12V za auto | Sa potenciometrom i 6 brzina"}]},{"@type":"WebSite","@id":"https:\/\/luxshoponline.rs\/#website","url":"https:\/\/luxshoponline.rs\/","name":"Lux Shop Online","description":"Luksuz dostupan svima","publisher":{"@id":"https:\/\/luxshoponline.rs\/#organization"},"potentialAction":[{"@type":"SearchAction","target":{"@type":"EntryPoint","urlTemplate":"https:\/\/luxshoponline.rs\/?s={search_term_string}"},"query-input":{"@type":"PropertyValueSpecification","valueRequired":true,"valueName":"search_term_string"}}],"inLanguage":"sr-RS"},{"@type":"Organization","@id":"https:\/\/luxshoponline.rs\/#organization","name":"Lux Shop Online","url":"https:\/\/luxshoponline.rs\/","logo":{"@type":"ImageObject","inLanguage":"sr-RS","@id":"https:\/\/luxshoponline.rs\/#\/schema\/logo\/image\/","url":"https:\/\/luxshoponline.rs\/wp-content\/uploads\/2026\/01\/474762058-1390117471978944-3731352461606986801-n-4.png","contentUrl":"https:\/\/luxshoponline.rs\/wp-content\/uploads\/2026\/01\/474762058-1390117471978944-3731352461606986801-n-4.png","width":1433,"height":1436,"caption":"Lux Shop Online"},"image":{"@id":"https:\/\/luxshoponline.rs\/#\/schema\/logo\/image\/"}}]}},"jetpack_sharing_enabled":true,"_links":{"self":[{"href":"https:\/\/luxshoponline.rs\/index.php\/wp-json\/wp\/v2\/product\/2443","targetHints":{"allow":["GET"]}}],"collection":[{"href":"https:\/\/luxshoponline.rs\/index.php\/wp-json\/wp\/v2\/product"}],"about":[{"href":"https:\/\/luxshoponline.rs\/index.php\/wp-json\/wp\/v2\/types\/product"}],"wp:featuredmedia":[{"embeddable":true,"href":"https:\/\/luxshoponline.rs\/index.php\/wp-json\/wp\/v2\/media\/2448"}],"wp:attachment":[{"href":"https:\/\/luxshoponline.rs\/index.php\/wp-json\/wp\/v2\/media?parent=2443"}],"wp:term":[{"taxonomy":"product_brand","embeddable":true,"href":"https:\/\/luxshoponline.rs\/index.php\/wp-json\/wp\/v2\/product_brand?post=2443"},{"taxonomy":"product_cat","embeddable":true,"href":"https:\/\/luxshoponline.rs\/index.php\/wp-json\/wp\/v2\/product_cat?post=2443"},{"taxonomy":"product_tag","embeddable":true,"href":"https:\/\/luxshoponline.rs\/index.php\/wp-json\/wp\/v2\/product_tag?post=2443"}],"curies":[{"name":"wp","href":"https:\/\/api.w.org\/{rel}","templated":true}]}}