{"id":2875,"date":"2025-07-19T12:33:59","date_gmt":"2025-07-19T10:33:59","guid":{"rendered":"https:\/\/luxshoponline.rs\/index.php\/product\/go-pro-kamera-4k-ultra-hd-go-pro-sportska-kamera-wi-fi-4k\/"},"modified":"2025-10-17T11:26:39","modified_gmt":"2025-10-17T09:26:39","slug":"go-pro-kamera-4k-ultra-hd-go-pro-sportska-kamera-wi-fi-4k","status":"publish","type":"product","link":"https:\/\/luxshoponline.rs\/index.php\/product\/go-pro-kamera-4k-ultra-hd-go-pro-sportska-kamera-wi-fi-4k\/","title":{"rendered":"Go pro kamera 4K ULTRA HD Go Pro sportska kamera WI FI 4k"},"content":{"rendered":"<p>4K ULTRA HD Akciona Vodootporna<\/p>\n<p>GARANCIJA GODINU DANA!<\/p>\n<p>Kamera Wi Fi<br \/>\nOdli\u010dna go pro akciono-sportska 4K UltraHD kamera za sjajne video-snimke, fotografije, audio-snimke iz vazduha, snimke pod vodom, u toku exstremnih sportova, sky-divinga, surffinga, biciklizama, auto\/motociklizma.<br \/>\nOva go pro kamera ima mogu\u0107nost be\u017eicnog spajanja na mobilni i prenos live snimaka (WiFi do 20m).<br \/>\nPredstavlja odli\u010dnu alternativu daleko skupljim GoPro kamerama<br \/>\nU pakovanju uz kameru dobijate i za\u0161titno vodonepropusno pakovanje, kao i mnostvo dodataka, koji sluze za fiksiranje kamere na raznim vrstama podloga (kacigu, motor, bicikl, auto).<\/p>\n<p>Karakteristike Akciona kamera ULTRA HD 4K WIFI go pro:<\/p>\n<p>&#8211; Boja kamere: Crna, siva<br \/>\n&#8211; Vodootporna do 30 m<br \/>\n&#8211; WiFi do 20 m &#8211; mogucnost be\u017eicnog spajanja na mobilni i prenos live snimanja<br \/>\n-(LCD): 2,0 inch<br \/>\n-Senzor: 16Mega piksela CMOS senzor<br \/>\n-Rezolucija video: 4K 25fps \/ 2.7K 30fps \/ 1080p 60fps \/ 1080p 30fps \/ 720p 90fps \/ 720p 60fps \/ 720p 30fps<br \/>\n-Rezolucija fotografija: 16MP \/ 12MP \/ 8MP \/ 5MP \/ 2MP \/<br \/>\n-Ugao snimanja: 170 stepeni<br \/>\n-Zoom: 4x<br \/>\n-Povezivanje sa telefonom ili tabletom preko WIFI<br \/>\n-Snima na: Micro SD (do 64GB) &#8211; nije uklju\u010dena u cenu<br \/>\n-Shooting Mode: Single Shot \/ Self-timer (3s \/ 5s \/ 10s \/ 20s Continuous Shooting) Drama -shot (3p\/s 5p\/s 10p\/s)<br \/>\nTime lapse mode<br \/>\nLoop Recording<br \/>\nSlow Motion<br \/>\nImage rotation<br \/>\nDriving mode<br \/>\nLight Sourse Frequency<br \/>\nLed indicator Light ON\/OFF (mo\u017ee da se isklju\u010di lampica koja pokazuje da kamera snima)<br \/>\nSa prednje strane ima LED dioda<br \/>\nFrequency of Optical Source: 50Hz \/ 60Hz<br \/>\nUSB Interface: USB2.0 \/ HD out<br \/>\nPower Source Interface: 5V1A<br \/>\nKapacitet baterije: 900mAh<br \/>\nVreme snimanja: oko 1.5 sata<br \/>\nWi-fi, Operativni sistem: Android i iOS<br \/>\nOperating System (OS): Windows XP\/VistaorAbove\/Win7\/Mac os<br \/>\nDimenzije 59.2*41.1*29.8<\/p>\n","protected":false},"excerpt":{"rendered":"<p>4K ULTRA HD Akciona Vodootporna<\/p>\n<p>GARANCIJA GODINU DANA!<\/p>\n<p>Kamera Wi Fi<br \/>\nOdli\u010dna go pro akciono-sportska 4K UltraHD kamera za sjajne video-snimke, fotografije, audio-snimke iz vazduha, snimke pod vodom, u toku exstremnih sportova, sky-divinga, surffinga, biciklizama, auto\/motociklizma.<br \/>\nOva go pro kamera ima mogu\u0107nost be\u017eicnog spajanja na mobilni i prenos live snimaka (WiFi do 20m).<br \/>\nPredstavlja odli\u010dnu alternativu daleko skupljim GoPro kamerama<br \/>\nU pakovanju uz kameru dobijate i za\u0161titno vodonepropusno pakovanje, kao i mnostvo dodataka, koji sluze za fiksiranje kamere na raznim vrstama podloga (kacigu, motor, bicikl, auto).<\/p>\n","protected":false},"featured_media":2869,"template":"","meta":[],"product_brand":[],"product_cat":[112,125],"product_tag":[126,127,128],"class_list":{"0":"post-2875","1":"product","2":"type-product","3":"status-publish","4":"has-post-thumbnail","6":"product_cat-audio-video-foto","7":"product_cat-sport-i-razonoda","8":"product_tag-go-pro-kamera","9":"product_tag-kamera","10":"product_tag-sportska-kamera","12":"first","13":"instock","14":"shipping-taxable","15":"purchasable","16":"product-type-simple"},"yoast_head":"<!-- This site is optimized with the Yoast SEO plugin v26.9 - https:\/\/yoast.com\/product\/yoast-seo-wordpress\/ -->\n<title>Go pro kamera 4K ULTRA HD Go Pro sportska kamera WI FI 4k - Lux Shop Online<\/title>\n<meta name=\"robots\" content=\"index, follow, max-snippet:-1, max-image-preview:large, max-video-preview:-1\" \/>\n<link rel=\"canonical\" href=\"https:\/\/luxshoponline.rs\/index.php\/product\/go-pro-kamera-4k-ultra-hd-go-pro-sportska-kamera-wi-fi-4k\/\" \/>\n<meta property=\"og:locale\" content=\"sr_RS\" \/>\n<meta property=\"og:type\" content=\"article\" \/>\n<meta property=\"og:title\" content=\"Go pro kamera 4K ULTRA HD Go Pro sportska kamera WI FI 4k - Lux Shop Online\" \/>\n<meta property=\"og:description\" content=\"4K ULTRA HD Akciona Vodootporna  GARANCIJA GODINU DANA!  Kamera Wi Fi Odli\u010dna go pro akciono-sportska 4K UltraHD kamera za sjajne video-snimke, fotografije, audio-snimke iz vazduha, snimke pod vodom, u toku exstremnih sportova, sky-divinga, surffinga, biciklizama, auto\/motociklizma. Ova go pro kamera ima mogu\u0107nost be\u017eicnog spajanja na mobilni i prenos live snimaka (WiFi do 20m). Predstavlja odli\u010dnu alternativu daleko skupljim GoPro kamerama U pakovanju uz kameru dobijate i za\u0161titno vodonepropusno pakovanje, kao i mnostvo dodataka, koji sluze za fiksiranje kamere na raznim vrstama podloga (kacigu, motor, bicikl, auto).\" \/>\n<meta property=\"og:url\" content=\"https:\/\/luxshoponline.rs\/index.php\/product\/go-pro-kamera-4k-ultra-hd-go-pro-sportska-kamera-wi-fi-4k\/\" \/>\n<meta property=\"og:site_name\" content=\"Lux Shop Online\" \/>\n<meta property=\"article:modified_time\" content=\"2025-10-17T09:26:39+00:00\" \/>\n<meta property=\"og:image\" content=\"https:\/\/luxshoponline.rs\/wp-content\/uploads\/2025\/07\/1000094964.jpg\" \/>\n\t<meta property=\"og:image:width\" content=\"1439\" \/>\n\t<meta property=\"og:image:height\" content=\"1151\" \/>\n\t<meta property=\"og:image:type\" content=\"image\/jpeg\" \/>\n<meta name=\"twitter:card\" content=\"summary_large_image\" \/>\n<meta name=\"twitter:label1\" content=\"Procenjeno vreme \u010ditanja\" \/>\n\t<meta name=\"twitter:data1\" content=\"2 minuta\" \/>\n<script type=\"application\/ld+json\" class=\"yoast-schema-graph\">{\"@context\":\"https:\/\/schema.org\",\"@graph\":[{\"@type\":\"WebPage\",\"@id\":\"https:\/\/luxshoponline.rs\/index.php\/product\/go-pro-kamera-4k-ultra-hd-go-pro-sportska-kamera-wi-fi-4k\/\",\"url\":\"https:\/\/luxshoponline.rs\/index.php\/product\/go-pro-kamera-4k-ultra-hd-go-pro-sportska-kamera-wi-fi-4k\/\",\"name\":\"Go pro kamera 4K ULTRA HD Go Pro sportska kamera WI FI 4k - Lux Shop Online\",\"isPartOf\":{\"@id\":\"https:\/\/luxshoponline.rs\/#website\"},\"primaryImageOfPage\":{\"@id\":\"https:\/\/luxshoponline.rs\/index.php\/product\/go-pro-kamera-4k-ultra-hd-go-pro-sportska-kamera-wi-fi-4k\/#primaryimage\"},\"image\":{\"@id\":\"https:\/\/luxshoponline.rs\/index.php\/product\/go-pro-kamera-4k-ultra-hd-go-pro-sportska-kamera-wi-fi-4k\/#primaryimage\"},\"thumbnailUrl\":\"https:\/\/luxshoponline.rs\/wp-content\/uploads\/2025\/07\/1000094964.jpg\",\"datePublished\":\"2025-07-19T10:33:59+00:00\",\"dateModified\":\"2025-10-17T09:26:39+00:00\",\"breadcrumb\":{\"@id\":\"https:\/\/luxshoponline.rs\/index.php\/product\/go-pro-kamera-4k-ultra-hd-go-pro-sportska-kamera-wi-fi-4k\/#breadcrumb\"},\"inLanguage\":\"sr-RS\",\"potentialAction\":[{\"@type\":\"ReadAction\",\"target\":[\"https:\/\/luxshoponline.rs\/index.php\/product\/go-pro-kamera-4k-ultra-hd-go-pro-sportska-kamera-wi-fi-4k\/\"]}]},{\"@type\":\"ImageObject\",\"inLanguage\":\"sr-RS\",\"@id\":\"https:\/\/luxshoponline.rs\/index.php\/product\/go-pro-kamera-4k-ultra-hd-go-pro-sportska-kamera-wi-fi-4k\/#primaryimage\",\"url\":\"https:\/\/luxshoponline.rs\/wp-content\/uploads\/2025\/07\/1000094964.jpg\",\"contentUrl\":\"https:\/\/luxshoponline.rs\/wp-content\/uploads\/2025\/07\/1000094964.jpg\",\"width\":1439,\"height\":1151},{\"@type\":\"BreadcrumbList\",\"@id\":\"https:\/\/luxshoponline.rs\/index.php\/product\/go-pro-kamera-4k-ultra-hd-go-pro-sportska-kamera-wi-fi-4k\/#breadcrumb\",\"itemListElement\":[{\"@type\":\"ListItem\",\"position\":1,\"name\":\"Po\u010detna\",\"item\":\"https:\/\/luxshoponline.rs\/\"},{\"@type\":\"ListItem\",\"position\":2,\"name\":\"Proizvodi\",\"item\":\"https:\/\/luxshoponline.rs\/index.php\/proizvodi\/\"},{\"@type\":\"ListItem\",\"position\":3,\"name\":\"Go pro kamera 4K ULTRA HD Go Pro sportska kamera WI FI 4k\"}]},{\"@type\":\"WebSite\",\"@id\":\"https:\/\/luxshoponline.rs\/#website\",\"url\":\"https:\/\/luxshoponline.rs\/\",\"name\":\"Lux Shop Online\",\"description\":\"Luksuz dostupan svima\",\"publisher\":{\"@id\":\"https:\/\/luxshoponline.rs\/#organization\"},\"potentialAction\":[{\"@type\":\"SearchAction\",\"target\":{\"@type\":\"EntryPoint\",\"urlTemplate\":\"https:\/\/luxshoponline.rs\/?s={search_term_string}\"},\"query-input\":{\"@type\":\"PropertyValueSpecification\",\"valueRequired\":true,\"valueName\":\"search_term_string\"}}],\"inLanguage\":\"sr-RS\"},{\"@type\":\"Organization\",\"@id\":\"https:\/\/luxshoponline.rs\/#organization\",\"name\":\"Lux Shop Online\",\"url\":\"https:\/\/luxshoponline.rs\/\",\"logo\":{\"@type\":\"ImageObject\",\"inLanguage\":\"sr-RS\",\"@id\":\"https:\/\/luxshoponline.rs\/#\/schema\/logo\/image\/\",\"url\":\"https:\/\/luxshoponline.rs\/wp-content\/uploads\/2026\/01\/474762058-1390117471978944-3731352461606986801-n-4.png\",\"contentUrl\":\"https:\/\/luxshoponline.rs\/wp-content\/uploads\/2026\/01\/474762058-1390117471978944-3731352461606986801-n-4.png\",\"width\":1433,\"height\":1436,\"caption\":\"Lux Shop Online\"},\"image\":{\"@id\":\"https:\/\/luxshoponline.rs\/#\/schema\/logo\/image\/\"}}]}<\/script>\n<!-- \/ Yoast SEO plugin. -->","yoast_head_json":{"title":"Go pro kamera 4K ULTRA HD Go Pro sportska kamera WI FI 4k - Lux Shop Online","robots":{"index":"index","follow":"follow","max-snippet":"max-snippet:-1","max-image-preview":"max-image-preview:large","max-video-preview":"max-video-preview:-1"},"canonical":"https:\/\/luxshoponline.rs\/index.php\/product\/go-pro-kamera-4k-ultra-hd-go-pro-sportska-kamera-wi-fi-4k\/","og_locale":"sr_RS","og_type":"article","og_title":"Go pro kamera 4K ULTRA HD Go Pro sportska kamera WI FI 4k - Lux Shop Online","og_description":"4K ULTRA HD Akciona Vodootporna  GARANCIJA GODINU DANA!  Kamera Wi Fi Odli\u010dna go pro akciono-sportska 4K UltraHD kamera za sjajne video-snimke, fotografije, audio-snimke iz vazduha, snimke pod vodom, u toku exstremnih sportova, sky-divinga, surffinga, biciklizama, auto\/motociklizma. Ova go pro kamera ima mogu\u0107nost be\u017eicnog spajanja na mobilni i prenos live snimaka (WiFi do 20m). Predstavlja odli\u010dnu alternativu daleko skupljim GoPro kamerama U pakovanju uz kameru dobijate i za\u0161titno vodonepropusno pakovanje, kao i mnostvo dodataka, koji sluze za fiksiranje kamere na raznim vrstama podloga (kacigu, motor, bicikl, auto).","og_url":"https:\/\/luxshoponline.rs\/index.php\/product\/go-pro-kamera-4k-ultra-hd-go-pro-sportska-kamera-wi-fi-4k\/","og_site_name":"Lux Shop Online","article_modified_time":"2025-10-17T09:26:39+00:00","og_image":[{"width":1439,"height":1151,"url":"https:\/\/luxshoponline.rs\/wp-content\/uploads\/2025\/07\/1000094964.jpg","type":"image\/jpeg"}],"twitter_card":"summary_large_image","twitter_misc":{"Procenjeno vreme \u010ditanja":"2 minuta"},"schema":{"@context":"https:\/\/schema.org","@graph":[{"@type":"WebPage","@id":"https:\/\/luxshoponline.rs\/index.php\/product\/go-pro-kamera-4k-ultra-hd-go-pro-sportska-kamera-wi-fi-4k\/","url":"https:\/\/luxshoponline.rs\/index.php\/product\/go-pro-kamera-4k-ultra-hd-go-pro-sportska-kamera-wi-fi-4k\/","name":"Go pro kamera 4K ULTRA HD Go Pro sportska kamera WI FI 4k - Lux Shop Online","isPartOf":{"@id":"https:\/\/luxshoponline.rs\/#website"},"primaryImageOfPage":{"@id":"https:\/\/luxshoponline.rs\/index.php\/product\/go-pro-kamera-4k-ultra-hd-go-pro-sportska-kamera-wi-fi-4k\/#primaryimage"},"image":{"@id":"https:\/\/luxshoponline.rs\/index.php\/product\/go-pro-kamera-4k-ultra-hd-go-pro-sportska-kamera-wi-fi-4k\/#primaryimage"},"thumbnailUrl":"https:\/\/luxshoponline.rs\/wp-content\/uploads\/2025\/07\/1000094964.jpg","datePublished":"2025-07-19T10:33:59+00:00","dateModified":"2025-10-17T09:26:39+00:00","breadcrumb":{"@id":"https:\/\/luxshoponline.rs\/index.php\/product\/go-pro-kamera-4k-ultra-hd-go-pro-sportska-kamera-wi-fi-4k\/#breadcrumb"},"inLanguage":"sr-RS","potentialAction":[{"@type":"ReadAction","target":["https:\/\/luxshoponline.rs\/index.php\/product\/go-pro-kamera-4k-ultra-hd-go-pro-sportska-kamera-wi-fi-4k\/"]}]},{"@type":"ImageObject","inLanguage":"sr-RS","@id":"https:\/\/luxshoponline.rs\/index.php\/product\/go-pro-kamera-4k-ultra-hd-go-pro-sportska-kamera-wi-fi-4k\/#primaryimage","url":"https:\/\/luxshoponline.rs\/wp-content\/uploads\/2025\/07\/1000094964.jpg","contentUrl":"https:\/\/luxshoponline.rs\/wp-content\/uploads\/2025\/07\/1000094964.jpg","width":1439,"height":1151},{"@type":"BreadcrumbList","@id":"https:\/\/luxshoponline.rs\/index.php\/product\/go-pro-kamera-4k-ultra-hd-go-pro-sportska-kamera-wi-fi-4k\/#breadcrumb","itemListElement":[{"@type":"ListItem","position":1,"name":"Po\u010detna","item":"https:\/\/luxshoponline.rs\/"},{"@type":"ListItem","position":2,"name":"Proizvodi","item":"https:\/\/luxshoponline.rs\/index.php\/proizvodi\/"},{"@type":"ListItem","position":3,"name":"Go pro kamera 4K ULTRA HD Go Pro sportska kamera WI FI 4k"}]},{"@type":"WebSite","@id":"https:\/\/luxshoponline.rs\/#website","url":"https:\/\/luxshoponline.rs\/","name":"Lux Shop Online","description":"Luksuz dostupan svima","publisher":{"@id":"https:\/\/luxshoponline.rs\/#organization"},"potentialAction":[{"@type":"SearchAction","target":{"@type":"EntryPoint","urlTemplate":"https:\/\/luxshoponline.rs\/?s={search_term_string}"},"query-input":{"@type":"PropertyValueSpecification","valueRequired":true,"valueName":"search_term_string"}}],"inLanguage":"sr-RS"},{"@type":"Organization","@id":"https:\/\/luxshoponline.rs\/#organization","name":"Lux Shop Online","url":"https:\/\/luxshoponline.rs\/","logo":{"@type":"ImageObject","inLanguage":"sr-RS","@id":"https:\/\/luxshoponline.rs\/#\/schema\/logo\/image\/","url":"https:\/\/luxshoponline.rs\/wp-content\/uploads\/2026\/01\/474762058-1390117471978944-3731352461606986801-n-4.png","contentUrl":"https:\/\/luxshoponline.rs\/wp-content\/uploads\/2026\/01\/474762058-1390117471978944-3731352461606986801-n-4.png","width":1433,"height":1436,"caption":"Lux Shop Online"},"image":{"@id":"https:\/\/luxshoponline.rs\/#\/schema\/logo\/image\/"}}]}},"jetpack_sharing_enabled":true,"_links":{"self":[{"href":"https:\/\/luxshoponline.rs\/index.php\/wp-json\/wp\/v2\/product\/2875","targetHints":{"allow":["GET"]}}],"collection":[{"href":"https:\/\/luxshoponline.rs\/index.php\/wp-json\/wp\/v2\/product"}],"about":[{"href":"https:\/\/luxshoponline.rs\/index.php\/wp-json\/wp\/v2\/types\/product"}],"wp:featuredmedia":[{"embeddable":true,"href":"https:\/\/luxshoponline.rs\/index.php\/wp-json\/wp\/v2\/media\/2869"}],"wp:attachment":[{"href":"https:\/\/luxshoponline.rs\/index.php\/wp-json\/wp\/v2\/media?parent=2875"}],"wp:term":[{"taxonomy":"product_brand","embeddable":true,"href":"https:\/\/luxshoponline.rs\/index.php\/wp-json\/wp\/v2\/product_brand?post=2875"},{"taxonomy":"product_cat","embeddable":true,"href":"https:\/\/luxshoponline.rs\/index.php\/wp-json\/wp\/v2\/product_cat?post=2875"},{"taxonomy":"product_tag","embeddable":true,"href":"https:\/\/luxshoponline.rs\/index.php\/wp-json\/wp\/v2\/product_tag?post=2875"}],"curies":[{"name":"wp","href":"https:\/\/api.w.org\/{rel}","templated":true}]}}